{"id":194342,"date":"2023-01-12T12:28:40","date_gmt":"2023-01-12T11:28:40","guid":{"rendered":"https:\/\/www.saloodo.com\/legal-notice\/"},"modified":"2024-06-04T10:41:00","modified_gmt":"2024-06-04T08:41:00","slug":"legal-notice","status":"publish","type":"page","link":"https:\/\/www.saloodo.com\/bg\/legal-notice\/","title":{"rendered":"Legal Notice"},"content":{"rendered":"\t\t<div data-elementor-type=\"wp-page\" data-elementor-id=\"194342\" class=\"elementor elementor-194342 elementor-1651\" data-elementor-post-type=\"page\">\n\t\t\t\t\t\t<section data-dce-background-color=\"#FFFFFF\" data-dce-background-overlay-color=\"rgba(0, 0, 0, 0.36)\" data-dce-background-image-url=\"https:\/\/www.saloodo.com\/wp-content\/uploads\/2018\/09\/imprint.jpg\" class=\"elementor-section elementor-top-section elementor-element elementor-element-7dd1d15 elementor-section-stretched elementor-section-full_width elementor-section-height-min-height elementor-section-height-default elementor-section-items-middle\" data-id=\"7dd1d15\" data-element_type=\"section\" data-e-type=\"section\" data-settings=\"{&quot;stretch_section&quot;:&quot;section-stretched&quot;,&quot;background_background&quot;:&quot;classic&quot;}\">\n\t\t\t\t\t\t\t<div class=\"elementor-background-overlay\"><\/div>\n\t\t\t\t\t\t\t<div class=\"elementor-container elementor-column-gap-default\">\n\t\t\t\t\t<div class=\"elementor-column elementor-col-100 elementor-top-column elementor-element elementor-element-37baf5e3\" data-id=\"37baf5e3\" data-element_type=\"column\" data-e-type=\"column\">\n\t\t\t<div class=\"elementor-widget-wrap elementor-element-populated\">\n\t\t\t\t\t\t<div data-dce-title-color=\"#FFFFFF\" class=\"elementor-element elementor-element-3ac6a52c elementor-widget elementor-widget-heading\" data-id=\"3ac6a52c\" data-element_type=\"widget\" data-e-type=\"widget\" data-widget_type=\"heading.default\">\n\t\t\t\t<div class=\"elementor-widget-container\">\n\t\t\t\t\t<h1 class=\"elementor-heading-title elementor-size-default\">\u0414\u0430\u043d\u043d\u0438 \u0437\u0430 \u043a\u043e\u043c\u043f\u0430\u043d\u0438\u044f\u0442\u0430<\/h1>\t\t\t\t<\/div>\n\t\t\t\t<\/div>\n\t\t\t\t\t<\/div>\n\t\t<\/div>\n\t\t\t\t\t<\/div>\n\t\t<\/section>\n\t\t\t\t<section data-dce-background-color=\"#FFFFFF\" class=\"elementor-section elementor-top-section elementor-element elementor-element-3791eeb3 elementor-section-stretched elementor-section-boxed elementor-section-height-default elementor-section-height-default\" data-id=\"3791eeb3\" data-element_type=\"section\" data-e-type=\"section\" data-settings=\"{&quot;stretch_section&quot;:&quot;section-stretched&quot;,&quot;background_background&quot;:&quot;classic&quot;}\">\n\t\t\t\t\t\t<div class=\"elementor-container elementor-column-gap-default\">\n\t\t\t\t\t<div class=\"elementor-column elementor-col-100 elementor-top-column elementor-element elementor-element-f331005\" data-id=\"f331005\" data-element_type=\"column\" data-e-type=\"column\">\n\t\t\t<div class=\"elementor-widget-wrap elementor-element-populated\">\n\t\t\t\t\t\t<div class=\"elementor-element elementor-element-0cfe184 elementor-widget elementor-widget-spacer\" data-id=\"0cfe184\" data-element_type=\"widget\" data-e-type=\"widget\" data-widget_type=\"spacer.default\">\n\t\t\t\t<div class=\"elementor-widget-container\">\n\t\t\t\t\t\t\t<div class=\"elementor-spacer\">\n\t\t\t<div class=\"elementor-spacer-inner\"><\/div>\n\t\t<\/div>\n\t\t\t\t\t\t<\/div>\n\t\t\t\t<\/div>\n\t\t\t\t<section class=\"elementor-section elementor-inner-section elementor-element elementor-element-56feedab elementor-section-content-top elementor-section-boxed elementor-section-height-default elementor-section-height-default\" data-id=\"56feedab\" data-element_type=\"section\" data-e-type=\"section\">\n\t\t\t\t\t\t<div class=\"elementor-container elementor-column-gap-default\">\n\t\t\t\t\t<div class=\"elementor-column elementor-col-33 elementor-inner-column elementor-element elementor-element-4b17e347\" data-id=\"4b17e347\" data-element_type=\"column\" data-e-type=\"column\">\n\t\t\t<div class=\"elementor-widget-wrap elementor-element-populated\">\n\t\t\t\t\t\t<div data-dce-title-color=\"#3B3B3B\" class=\"elementor-element elementor-element-04e0f60 elementor-widget elementor-widget-heading\" data-id=\"04e0f60\" data-element_type=\"widget\" data-e-type=\"widget\" data-widget_type=\"heading.default\">\n\t\t\t\t<div class=\"elementor-widget-container\">\n\t\t\t\t\t<h3 class=\"elementor-heading-title elementor-size-default\">\u0415\u0432\u0440\u043e\u043f\u0430<\/h3>\t\t\t\t<\/div>\n\t\t\t\t<\/div>\n\t\t\t\t\t<\/div>\n\t\t<\/div>\n\t\t\t\t<div class=\"elementor-column elementor-col-33 elementor-inner-column elementor-element elementor-element-7bf44ba3\" data-id=\"7bf44ba3\" data-element_type=\"column\" data-e-type=\"column\">\n\t\t\t<div class=\"elementor-widget-wrap elementor-element-populated\">\n\t\t\t\t\t\t<div data-dce-text-color=\"#6F6F6F\" class=\"elementor-element elementor-element-a734197 elementor-widget elementor-widget-text-editor\" data-id=\"a734197\" data-element_type=\"widget\" data-e-type=\"widget\" data-widget_type=\"text-editor.default\">\n\t\t\t\t<div class=\"elementor-widget-container\">\n\t\t\t\t\t\t\t\t\t<p style=\"text-align: left;\">Saloodo! GmbH<br \/>Siegburger Str. 191-193<br \/>50679 K\u00f6ln<br \/>+49 221 989 39 222<br \/><a href=\"mailto:support@saloodo.com\">support@saloodo.com<\/a><\/p>\n\t\t\t\t\t\t\t\t<\/div>\n\t\t\t\t<\/div>\n\t\t\t\t\t<\/div>\n\t\t<\/div>\n\t\t\t\t<div class=\"elementor-column elementor-col-33 elementor-inner-column elementor-element elementor-element-5543b5c3\" data-id=\"5543b5c3\" data-element_type=\"column\" data-e-type=\"column\">\n\t\t\t<div class=\"elementor-widget-wrap elementor-element-populated\">\n\t\t\t\t\t\t<div data-dce-text-color=\"#6F6F6F\" class=\"elementor-element elementor-element-c97f22d elementor-widget elementor-widget-text-editor\" data-id=\"c97f22d\" data-element_type=\"widget\" data-e-type=\"widget\" data-widget_type=\"text-editor.default\">\n\t\t\t\t<div class=\"elementor-widget-container\">\n\t\t\t\t\t\t\t\t\t<p style=\"text-align: left;\">\u0422\u044a\u0440\u0433\u043e\u0432\u0441\u043a\u0438 \u0440\u0435\u0433\u0438\u0441\u0442\u044a\u0440 \u2116:<br \/>\u0420\u0435\u0433\u0438\u0441\u0442\u0440\u0430\u0446\u0438\u043e\u043d\u0435\u043d \u0441\u044a\u0434 \u0411\u043e\u043d; HRB 22616<br \/>\u0414\u0430\u043d\u044a\u0447\u0435\u043d \u043d\u043e\u043c\u0435\u0440: DE 309 295 858<\/p>\n\t\t\t\t\t\t\t\t<\/div>\n\t\t\t\t<\/div>\n\t\t\t\t\t<\/div>\n\t\t<\/div>\n\t\t\t\t\t<\/div>\n\t\t<\/section>\n\t\t\t\t<section class=\"elementor-section elementor-inner-section elementor-element elementor-element-39d3f343 elementor-section-content-top elementor-section-boxed elementor-section-height-default elementor-section-height-default\" data-id=\"39d3f343\" data-element_type=\"section\" data-e-type=\"section\">\n\t\t\t\t\t\t<div class=\"elementor-container elementor-column-gap-default\">\n\t\t\t\t\t<div class=\"elementor-column elementor-col-33 elementor-inner-column elementor-element elementor-element-5694ffba\" data-id=\"5694ffba\" data-element_type=\"column\" data-e-type=\"column\">\n\t\t\t<div class=\"elementor-widget-wrap elementor-element-populated\">\n\t\t\t\t\t\t<div data-dce-title-color=\"#3B3B3B\" class=\"elementor-element elementor-element-31fca70 elementor-widget elementor-widget-heading\" data-id=\"31fca70\" data-element_type=\"widget\" data-e-type=\"widget\" data-widget_type=\"heading.default\">\n\t\t\t\t<div class=\"elementor-widget-container\">\n\t\t\t\t\t<h3 class=\"elementor-heading-title elementor-size-default\">\u0411\u043b\u0438\u0437\u044a\u043a \u0438\u0437\u0442\u043e\u043a \u0438 \u0410\u0444\u0440\u0438\u043a\u0430<\/h3>\t\t\t\t<\/div>\n\t\t\t\t<\/div>\n\t\t\t\t\t<\/div>\n\t\t<\/div>\n\t\t\t\t<div class=\"elementor-column elementor-col-33 elementor-inner-column elementor-element elementor-element-677b420d\" data-id=\"677b420d\" data-element_type=\"column\" data-e-type=\"column\">\n\t\t\t<div class=\"elementor-widget-wrap elementor-element-populated\">\n\t\t\t\t\t\t<div data-dce-text-color=\"#6F6F6F\" class=\"elementor-element elementor-element-2630cb0 elementor-widget elementor-widget-text-editor\" data-id=\"2630cb0\" data-element_type=\"widget\" data-e-type=\"widget\" data-widget_type=\"text-editor.default\">\n\t\t\t\t<div class=\"elementor-widget-container\">\n\t\t\t\t\t\t\t\t\t<p style=\"text-align: left;\">DHL Global Forwarding Abu Dhabi LLC<br \/>\u041c\u0435\u0436\u0434\u0443\u043d\u0430\u0440\u043e\u0434\u043d\u043e \u043b\u0435\u0442\u0438\u0449\u0435 Sky City Bldg,<br \/>P.O. Box 27066, \u0410\u0431\u0443 \u0414\u0430\u0431\u0438, \u041e\u0431\u0435\u0434\u0438\u043d\u0435\u043d\u0438 \u0430\u0440\u0430\u0431\u0441\u043a\u0438 \u0435\u043c\u0438\u0440\u0441\u0442\u0432\u0430<br \/>\u0422\u0435\u043b\u0435\u0444\u043e\u043d: +97122016896<br \/><a href=\"mailto:mea@saloodo.com\">mea@saloodo.com<\/a><\/p>\n\t\t\t\t\t\t\t\t<\/div>\n\t\t\t\t<\/div>\n\t\t\t\t\t<\/div>\n\t\t<\/div>\n\t\t\t\t<div class=\"elementor-column elementor-col-33 elementor-inner-column elementor-element elementor-element-19517e76\" data-id=\"19517e76\" data-element_type=\"column\" data-e-type=\"column\">\n\t\t\t<div class=\"elementor-widget-wrap elementor-element-populated\">\n\t\t\t\t\t\t<div data-dce-text-color=\"#6F6F6F\" class=\"elementor-element elementor-element-881a1f3 elementor-widget elementor-widget-text-editor\" data-id=\"881a1f3\" data-element_type=\"widget\" data-e-type=\"widget\" data-widget_type=\"text-editor.default\">\n\t\t\t\t<div class=\"elementor-widget-container\">\n\t\t\t\t\t\t\t\t\t<p style=\"text-align: left;\">\u0422\u044a\u0440\u0433\u043e\u0432\u0441\u043a\u0438 \u0440\u0435\u0433\u0438\u0441\u0442\u044a\u0440 \u2116:<br \/>TRN: 100365910700003<br \/>\u0422\u044a\u0440\u0433\u043e\u0432\u0441\u043a\u0438 \u043b\u0438\u0446\u0435\u043d\u0437 CN-1033382<\/p>\n\t\t\t\t\t\t\t\t<\/div>\n\t\t\t\t<\/div>\n\t\t\t\t\t<\/div>\n\t\t<\/div>\n\t\t\t\t\t<\/div>\n\t\t<\/section>\n\t\t\t\t<section class=\"elementor-section elementor-inner-section elementor-element elementor-element-6905558 elementor-section-content-top elementor-section-boxed elementor-section-height-default elementor-section-height-default\" data-id=\"6905558\" data-element_type=\"section\" data-e-type=\"section\">\n\t\t\t\t\t\t<div class=\"elementor-container elementor-column-gap-default\">\n\t\t\t\t\t<div class=\"elementor-column elementor-col-33 elementor-inner-column elementor-element elementor-element-d35d778\" data-id=\"d35d778\" data-element_type=\"column\" data-e-type=\"column\">\n\t\t\t<div class=\"elementor-widget-wrap elementor-element-populated\">\n\t\t\t\t\t\t<div data-dce-title-color=\"#3B3B3B\" class=\"elementor-element elementor-element-610799b elementor-widget elementor-widget-heading\" data-id=\"610799b\" data-element_type=\"widget\" data-e-type=\"widget\" data-widget_type=\"heading.default\">\n\t\t\t\t<div class=\"elementor-widget-container\">\n\t\t\t\t\t<h3 class=\"elementor-heading-title elementor-size-default\">\u0410\u0440\u0436\u0435\u043d\u0442\u0438\u043d\u0430<\/h3>\t\t\t\t<\/div>\n\t\t\t\t<\/div>\n\t\t\t\t\t<\/div>\n\t\t<\/div>\n\t\t\t\t<div class=\"elementor-column elementor-col-33 elementor-inner-column elementor-element elementor-element-aab9663\" data-id=\"aab9663\" data-element_type=\"column\" data-e-type=\"column\">\n\t\t\t<div class=\"elementor-widget-wrap elementor-element-populated\">\n\t\t\t\t\t\t<div data-dce-text-color=\"#6F6F6F\" class=\"elementor-element elementor-element-0cd65d8 elementor-widget elementor-widget-text-editor\" data-id=\"0cd65d8\" data-element_type=\"widget\" data-e-type=\"widget\" data-widget_type=\"text-editor.default\">\n\t\t\t\t<div class=\"elementor-widget-container\">\n\t\t\t\t\t\t\t\t\t<p>DHL Global Forwarding (Argentinia) S.A.<br \/>Carlos M. Della Paolera 265 &#8211; 1\u00b0 piso &#8211; CABA<br \/>C1072 AAH, Ciudad Aut\u00f3noma de Buenos Aires &#8211; \u0410\u0440\u0436\u0435\u043d\u0442\u0438\u043d\u0430<br \/>\u0422\u0435\u043b\u0435\u0444\u043e\u043d: +54 (11) 5530-0345<\/p>\n<p style=\"text-align: left;\"><a href=\"mailto:argentina@saloodo.com\">argentina@saloodo.com<\/a><\/p>\n\t\t\t\t\t\t\t\t<\/div>\n\t\t\t\t<\/div>\n\t\t\t\t\t<\/div>\n\t\t<\/div>\n\t\t\t\t<div class=\"elementor-column elementor-col-33 elementor-inner-column elementor-element elementor-element-28a1171\" data-id=\"28a1171\" data-element_type=\"column\" data-e-type=\"column\">\n\t\t\t<div class=\"elementor-widget-wrap elementor-element-populated\">\n\t\t\t\t\t\t<div data-dce-text-color=\"#6F6F6F\" class=\"elementor-element elementor-element-68c66a9 elementor-widget elementor-widget-text-editor\" data-id=\"68c66a9\" data-element_type=\"widget\" data-e-type=\"widget\" data-widget_type=\"text-editor.default\">\n\t\t\t\t<div class=\"elementor-widget-container\">\n\t\t\t\t\t\t\t\t\t<p style=\"text-align: left;\">\u0422\u044a\u0440\u0433\u043e\u0432\u0441\u043a\u0438 \u0440\u0435\u0433\u0438\u0441\u0442\u044a\u0440 \u2116:<br \/>CUIT 30-58471593-2<\/p>\n\t\t\t\t\t\t\t\t<\/div>\n\t\t\t\t<\/div>\n\t\t\t\t\t<\/div>\n\t\t<\/div>\n\t\t\t\t\t<\/div>\n\t\t<\/section>\n\t\t\t\t<section class=\"elementor-section elementor-inner-section elementor-element elementor-element-2edb808 elementor-section-content-top elementor-section-boxed elementor-section-height-default elementor-section-height-default\" data-id=\"2edb808\" data-element_type=\"section\" data-e-type=\"section\">\n\t\t\t\t\t\t<div class=\"elementor-container elementor-column-gap-default\">\n\t\t\t\t\t<div class=\"elementor-column elementor-col-33 elementor-inner-column elementor-element elementor-element-fccf428\" data-id=\"fccf428\" data-element_type=\"column\" data-e-type=\"column\">\n\t\t\t<div class=\"elementor-widget-wrap elementor-element-populated\">\n\t\t\t\t\t\t<div data-dce-title-color=\"#3B3B3B\" class=\"elementor-element elementor-element-a379b4e elementor-widget elementor-widget-heading\" data-id=\"a379b4e\" data-element_type=\"widget\" data-e-type=\"widget\" data-widget_type=\"heading.default\">\n\t\t\t\t<div class=\"elementor-widget-container\">\n\t\t\t\t\t<h3 class=\"elementor-heading-title elementor-size-default\">\u0422\u0443\u0440\u0446\u0438\u044f<\/h3>\t\t\t\t<\/div>\n\t\t\t\t<\/div>\n\t\t\t\t\t<\/div>\n\t\t<\/div>\n\t\t\t\t<div class=\"elementor-column elementor-col-33 elementor-inner-column elementor-element elementor-element-6b9cac6\" data-id=\"6b9cac6\" data-element_type=\"column\" data-e-type=\"column\">\n\t\t\t<div class=\"elementor-widget-wrap elementor-element-populated\">\n\t\t\t\t\t\t<div data-dce-text-color=\"#6F6F6F\" class=\"elementor-element elementor-element-334c3bf elementor-widget elementor-widget-text-editor\" data-id=\"334c3bf\" data-element_type=\"widget\" data-e-type=\"widget\" data-widget_type=\"text-editor.default\">\n\t\t\t\t<div class=\"elementor-widget-container\">\n\t\t\t\t\t\t\t\t\t<p>DHL Freight Ta\u015f\u0131mac\u0131l\u0131k ve Lojistik Hizmetleri A.\u015e.<br \/>Atat\u00fcrk Mah. <br \/>\u0130kitelli Cad. No:178\/A-1,<br \/>34303, \u041a\u044e\u0447\u0443\u043a\u0447\u0435\u043a\u043c\u0435\u0434\u0436\u0435<br \/>\u0418\u0441\u0442\u0430\u043d\u0431\u0443\u043b, \u0422\u0443\u0440\u0446\u0438\u044f<\/p>\n<p>\u0422\u0435\u043b\u0435\u0444\u043e\u043d: +90 850 399 6378<\/p>\n<p style=\"text-align: left;\"><a href=\"mailto:turkey@saloodo.com\">turkey@saloodo.com<\/a><\/p>\n\t\t\t\t\t\t\t\t<\/div>\n\t\t\t\t<\/div>\n\t\t\t\t\t<\/div>\n\t\t<\/div>\n\t\t\t\t<div class=\"elementor-column elementor-col-33 elementor-inner-column elementor-element elementor-element-196b708\" data-id=\"196b708\" data-element_type=\"column\" data-e-type=\"column\">\n\t\t\t<div class=\"elementor-widget-wrap elementor-element-populated\">\n\t\t\t\t\t\t<div data-dce-text-color=\"#6F6F6F\" class=\"elementor-element elementor-element-1e5be46 elementor-widget elementor-widget-text-editor\" data-id=\"1e5be46\" data-element_type=\"widget\" data-e-type=\"widget\" data-widget_type=\"text-editor.default\">\n\t\t\t\t<div class=\"elementor-widget-container\">\n\t\t\t\t\t\t\t\t\t<p style=\"text-align: left;\">\u0422\u044a\u0440\u0433\u043e\u0432\u0441\u043a\u0438 \u0440\u0435\u0433\u0438\u0441\u0442\u0440\u0430\u0446\u0438\u043e\u043d\u0435\u043d \u043d\u043e\u043c\u0435\u0440: 77095\/5<br \/>\u041d\u043e\u043c\u0435\u0440 \u043d\u0430 Mersis: 0295052807200001<br \/>\u0414\u0430\u043d\u044a\u0447\u043d\u0430 \u0441\u043b\u0443\u0436\u0431\u0430: Halkal\u0131<br \/>\u0414\u0430\u043d\u044a\u0447\u0435\u043d \u043d\u043e\u043c\u0435\u0440: 295 052 8072<\/p>\n\t\t\t\t\t\t\t\t<\/div>\n\t\t\t\t<\/div>\n\t\t\t\t\t<\/div>\n\t\t<\/div>\n\t\t\t\t\t<\/div>\n\t\t<\/section>\n\t\t\t\t\t<\/div>\n\t\t<\/div>\n\t\t\t\t\t<\/div>\n\t\t<\/section>\n\t\t\t\t<section data-dce-background-color=\"#FFFFFF\" class=\"elementor-section elementor-top-section elementor-element elementor-element-234a489e elementor-section-stretched elementor-section-content-top elementor-section-boxed elementor-section-height-default elementor-section-height-default\" data-id=\"234a489e\" data-element_type=\"section\" data-e-type=\"section\" data-settings=\"{&quot;stretch_section&quot;:&quot;section-stretched&quot;,&quot;background_background&quot;:&quot;classic&quot;}\">\n\t\t\t\t\t\t<div class=\"elementor-container elementor-column-gap-default\">\n\t\t\t\t\t<div class=\"elementor-column elementor-col-100 elementor-top-column elementor-element elementor-element-63fffbf\" data-id=\"63fffbf\" data-element_type=\"column\" data-e-type=\"column\">\n\t\t\t<div class=\"elementor-widget-wrap elementor-element-populated\">\n\t\t\t\t\t\t<div data-dce-title-color=\"#3B3B3B\" class=\"elementor-element elementor-element-39ea324 elementor-widget elementor-widget-heading\" data-id=\"39ea324\" data-element_type=\"widget\" data-e-type=\"widget\" data-widget_type=\"heading.default\">\n\t\t\t\t<div class=\"elementor-widget-container\">\n\t\t\t\t\t<p class=\"elementor-heading-title elementor-size-default\">Saloodo! \u0435 \u0434\u044a\u0449\u0435\u0440\u043d\u043e \u0434\u0440\u0443\u0436\u0435\u0441\u0442\u0432\u043e \u043d\u0430 DHL Group.<\/p>\t\t\t\t<\/div>\n\t\t\t\t<\/div>\n\t\t\t\t<div data-dce-text-color=\"#6F6F6F\" class=\"elementor-element elementor-element-b781ce2 elementor-widget elementor-widget-text-editor\" data-id=\"b781ce2\" data-element_type=\"widget\" data-e-type=\"widget\" data-widget_type=\"text-editor.default\">\n\t\t\t\t<div class=\"elementor-widget-container\">\n\t\t\t\t\t\t\t\t\t<p style=\"text-align: center;\">\u041f\u0440\u0435\u0434\u0441\u0442\u0430\u0432\u043b\u044f\u0432\u0430\u043d\u0438 \u043e\u0442 \u0443\u043f\u0440\u0430\u0432\u043b\u044f\u0432\u0430\u0449\u0438\u0442\u0435 \u0434\u0438\u0440\u0435\u043a\u0442\u043e\u0440\u0438:<br \/>\u0414-\u0440 \u0410\u043d\u0442\u0438\u0435 \u0425\u0443\u0431\u0435\u0440<br \/>\u0410\u043d\u044f \u041a\u0430\u043f\u043f\u0443\u0441<br \/>\u0418\u0431\u0440\u0430\u0445\u0438\u043c \u041a\u0430\u0442\u0440\u0436\u0438<br \/>\u0414-\u0440 \u0410\u043b\u0435\u0441\u0438\u043e \u0419.\u0413. \u0411\u0440\u0430\u0443\u043d<\/p>\t\t\t\t\t\t\t\t<\/div>\n\t\t\t\t<\/div>\n\t\t\t\t\t<\/div>\n\t\t<\/div>\n\t\t\t\t\t<\/div>\n\t\t<\/section>\n\t\t\t\t<\/div>\n\t\t","protected":false},"excerpt":{"rendered":"<p>\u0414\u0430\u043d\u043d\u0438 \u0437\u0430 \u043a\u043e\u043c\u043f\u0430\u043d\u0438\u044f\u0442\u0430 \u0415\u0432\u0440\u043e\u043f\u0430 Saloodo! GmbHSiegburger Str. 191-19350679 K\u00f6ln+49 221 989 39 222support@saloodo.com \u0422\u044a\u0440\u0433\u043e\u0432\u0441\u043a\u0438 \u0440\u0435\u0433\u0438\u0441\u0442\u044a\u0440 \u2116:\u0420\u0435\u0433\u0438\u0441\u0442\u0440\u0430\u0446\u0438\u043e\u043d\u0435\u043d \u0441\u044a\u0434 \u0411\u043e\u043d; HRB 22616\u0414\u0430\u043d\u044a\u0447\u0435\u043d \u043d\u043e\u043c\u0435\u0440: DE 309 295 858 \u0411\u043b\u0438\u0437\u044a\u043a \u0438\u0437\u0442\u043e\u043a \u0438 \u0410\u0444\u0440\u0438\u043a\u0430 DHL Global Forwarding Abu Dhabi LLC\u041c\u0435\u0436\u0434\u0443\u043d\u0430\u0440\u043e\u0434\u043d\u043e \u043b\u0435\u0442\u0438\u0449\u0435 Sky City Bldg,P.O. Box 27066, \u0410\u0431\u0443 \u0414\u0430\u0431\u0438, \u041e\u0431\u0435\u0434\u0438\u043d\u0435\u043d\u0438 \u0430\u0440\u0430\u0431\u0441\u043a\u0438 \u0435\u043c\u0438\u0440\u0441\u0442\u0432\u0430\u0422\u0435\u043b\u0435\u0444\u043e\u043d: +97122016896mea@saloodo.com \u0422\u044a\u0440\u0433\u043e\u0432\u0441\u043a\u0438 \u0440\u0435\u0433\u0438\u0441\u0442\u044a\u0440 \u2116:TRN: 100365910700003\u0422\u044a\u0440\u0433\u043e\u0432\u0441\u043a\u0438 \u043b\u0438\u0446\u0435\u043d\u0437 CN-1033382 \u0410\u0440\u0436\u0435\u043d\u0442\u0438\u043d\u0430 DHL [&hellip;]<\/p>\n","protected":false},"author":4,"featured_media":0,"parent":0,"menu_order":0,"comment_status":"closed","ping_status":"closed","template":"","meta":{"_acf_changed":false,"footnotes":""},"page-tags":[],"class_list":["post-194342","page","type-page","status-publish","hentry"],"acf":[],"_links":{"self":[{"href":"https:\/\/www.saloodo.com\/bg\/wp-json\/wp\/v2\/pages\/194342","targetHints":{"allow":["GET"]}}],"collection":[{"href":"https:\/\/www.saloodo.com\/bg\/wp-json\/wp\/v2\/pages"}],"about":[{"href":"https:\/\/www.saloodo.com\/bg\/wp-json\/wp\/v2\/types\/page"}],"author":[{"embeddable":true,"href":"https:\/\/www.saloodo.com\/bg\/wp-json\/wp\/v2\/users\/4"}],"replies":[{"embeddable":true,"href":"https:\/\/www.saloodo.com\/bg\/wp-json\/wp\/v2\/comments?post=194342"}],"version-history":[{"count":21,"href":"https:\/\/www.saloodo.com\/bg\/wp-json\/wp\/v2\/pages\/194342\/revisions"}],"predecessor-version":[{"id":213517,"href":"https:\/\/www.saloodo.com\/bg\/wp-json\/wp\/v2\/pages\/194342\/revisions\/213517"}],"wp:attachment":[{"href":"https:\/\/www.saloodo.com\/bg\/wp-json\/wp\/v2\/media?parent=194342"}],"wp:term":[{"taxonomy":"page-tags","embeddable":true,"href":"https:\/\/www.saloodo.com\/bg\/wp-json\/wp\/v2\/page-tags?post=194342"}],"curies":[{"name":"wp","href":"https:\/\/api.w.org\/{rel}","templated":true}]}}