{"id":59676,"date":"2021-10-05T15:12:05","date_gmt":"2021-10-05T13:12:05","guid":{"rendered":"https:\/\/www.saloodo.com\/home\/"},"modified":"2025-01-10T10:25:37","modified_gmt":"2025-01-10T09:25:37","slug":"home","status":"publish","type":"page","link":"https:\/\/www.saloodo.com\/cs\/","title":{"rendered":"Home"},"content":{"rendered":"\t\t<div data-elementor-type=\"wp-page\" data-elementor-id=\"59676\" class=\"elementor elementor-59676 elementor-5\" data-elementor-post-type=\"page\">\n\t\t\t\t<div data-dce-background-color=\"rgba(32, 32, 32, 0.33)\" data-dce-background-overlay-color=\"rgba(32, 32, 32, 0.36)\" data-dce-background-image-url=\"https:\/\/www.saloodo.com\/wp-content\/uploads\/2023\/12\/home_background-1536x864-1.jpg\" data-dce-background-overlay-image-url=\"https:\/\/www.saloodo.com\/wp-content\/uploads\/2020\/04\/poweredby-dhl.png\" class=\"elementor-element elementor-element-299af0c e-con-full e-flex elementor-invisible e-con e-parent\" data-id=\"299af0c\" data-element_type=\"container\" data-e-type=\"container\" data-settings=\"{&quot;background_background&quot;:&quot;classic&quot;,&quot;motion_fx_motion_fx_scrolling&quot;:&quot;yes&quot;,&quot;animation&quot;:&quot;fadeIn&quot;,&quot;motion_fx_devices&quot;:[&quot;desktop&quot;,&quot;laptop&quot;,&quot;tablet&quot;,&quot;mobile&quot;]}\">\n\t\t\t\t<div class=\"elementor-element elementor-element-3a7f0f9 elementor-widget elementor-widget-heading\" data-id=\"3a7f0f9\" data-element_type=\"widget\" data-e-type=\"widget\" data-widget_type=\"heading.default\">\n\t\t\t\t<div class=\"elementor-widget-container\">\n\t\t\t\t\t<h1 class=\"elementor-heading-title elementor-size-default\">We make logistics <b>fast. smart. reliable.<\/b><\/h1>\t\t\t\t<\/div>\n\t\t\t\t<\/div>\n\t\t\t\t<\/div>\n\t\t<div class=\"elementor-element elementor-element-755b8aa e-flex e-con-boxed e-con e-parent\" data-id=\"755b8aa\" data-element_type=\"container\" data-e-type=\"container\">\n\t\t\t\t\t<div class=\"e-con-inner\">\n\t\t<div class=\"elementor-element elementor-element-285ad1c e-con-full e-flex e-con e-child\" data-id=\"285ad1c\" data-element_type=\"container\" data-e-type=\"container\">\n\t\t\t\t<div data-dce-title-color=\"#3B3B3B\" class=\"elementor-element elementor-element-1ebe468 elementor-widget elementor-widget-heading\" data-id=\"1ebe468\" data-element_type=\"widget\" data-e-type=\"widget\" data-widget_type=\"heading.default\">\n\t\t\t\t<div class=\"elementor-widget-container\">\n\t\t\t\t\t<h2 class=\"elementor-heading-title elementor-size-default\">\u0418\u0437\u0431\u0435\u0440\u0435\u0442\u0435 \u0432\u0430\u0448\u0438\u044f \u0440\u0435\u0433\u0438\u043e\u043d<\/h2>\t\t\t\t<\/div>\n\t\t\t\t<\/div>\n\t\t\t\t<\/div>\n\t\t<div class=\"theplus-equal-height elementor-element elementor-element-82c5e76 e-con-full e-flex e-con e-child\" data-tp-equal-height-loadded=\".plus-pricing-table\" data-id=\"82c5e76\" data-element_type=\"container\" data-e-type=\"container\">\n\t\t\t\t<div class=\"theplus-equal-height elementor-element elementor-element-407277b elementor-widget__width-inherit elementor-widget elementor-widget-tp-pricing-table\" data-tp-equal-height-loadded=\".plus-pricing-table\" data-dce-title-color=\"#313131\" data-id=\"407277b\" data-element_type=\"widget\" data-e-type=\"widget\" data-widget_type=\"tp-pricing-table.default\">\n\t\t\t\t<div class=\"elementor-widget-container\">\n\t\t\t\t\t<div id=\"plus-pricing-table\" class=\"plus-pricing-table pricing-style-2 hover_normal \" ><div class=\"pricing-table-inner \"><div class=\"pricing-title-content style-1\"><div class=\"pricing-title-wrap\"><div class=\"pricing-title\">Bl\u00edzk\u00fd v\u00fdchod a Afrika<\/div><\/div><\/div><div class=\"pricing-price-wrap style-1\"><span class=\"pricing-price\"><\/span><span class=\"price-postfix-text\">Saloodo! je v\u00e1\u0161 specialista na digit\u00e1ln\u00ed p\u0159epravu zbo\u017e\u00ed, kter\u00fd nab\u00edz\u00ed \u0161irokou \u0161k\u00e1lu v\u00fdhodn\u00fdch mo\u017enost\u00ed p\u0159epravy pro organizace, kter\u00e9 hledaj\u00ed spolehliv\u00e9 p\u0159epravn\u00ed slu\u017eby. Prozkoumejte na\u0161i p\u016fsobnost v MEA!<\/span><\/div><div class=\"pt-plus-button-wrapper\"><div class=\"button_parallax\"><div id=\"btn6a08c5b5a52ac\" class=\"ts-button\"><div class=\"pt_plus_button btn6a08c5b5a52ac button-style-8 \"><div class=\"animted-content-inner\"><a href=\"https:\/\/www.saloodo.com\/mea\/\" class=\"button-link-wrap\" role=\"button\">Lo\u010f se Saloodem!<\/a><\/div><\/div><\/div><\/div><\/div><div class=\"pricing-cta-text\"><p style=\"text-align: left\">Pokud jste z\u00e1kazn\u00edkem DGF a m\u00e1te jak\u00e9koli dotazy t\u00fdkaj\u00edc\u00ed se va\u0161ich faktur nebo na\u0161eho nakl\u00e1d\u00e1n\u00ed s va\u0161imi \u00fadaji, nebo pokud jste dopravce, kter\u00fd hled\u00e1 dal\u0161\u00ed zak\u00e1zky, nev\u00e1hejte n\u00e1s kontaktovat <a href=\"https:\/\/www.saloodo.com\/cs\/kontaktujte-nas\/\"><strong>zde<\/strong><\/a>.<\/p><p><br \/><br \/><\/p><\/div><div class=\"pricing-overlay-color \"><\/div><\/div><\/div>\t\t\t\t<\/div>\n\t\t\t\t<\/div>\n\t\t\t\t<div class=\"theplus-equal-height elementor-element elementor-element-895caa9 elementor-widget__width-inherit elementor-widget elementor-widget-tp-pricing-table\" data-tp-equal-height-loadded=\".plus-pricing-table\" data-dce-title-color=\"#313131\" data-id=\"895caa9\" data-element_type=\"widget\" data-e-type=\"widget\" data-widget_type=\"tp-pricing-table.default\">\n\t\t\t\t<div class=\"elementor-widget-container\">\n\t\t\t\t\t<div id=\"plus-pricing-table\" class=\"plus-pricing-table pricing-style-2 hover_normal \" ><div class=\"pricing-table-inner \"><div class=\"pricing-title-content style-1\"><div class=\"pricing-title-wrap\"><div class=\"pricing-title\">Evropa<\/div><\/div><\/div><div class=\"pricing-price-wrap style-1\"><span class=\"pricing-price\"><\/span><span class=\"price-postfix-text\">S l\u00edtost\u00ed v\u00e1m oznamujeme, \u017ee jsme ukon\u010dili poskytov\u00e1n\u00ed na\u0161ich slu\u017eeb v Evrop\u011b. Doporu\u010dujeme odes\u00edlatel\u016fm v Evrop\u011b, aby pro rychlou a digit\u00e1ln\u00ed rezervaci z\u00e1silek pou\u017eili n\u00e1stroj DHL Freight Quotation Tool.<\/span><\/div><div class=\"pt-plus-button-wrapper\"><div class=\"button_parallax\"><div id=\"btn6a08c5b5a5db5\" class=\"ts-button\"><div class=\"pt_plus_button btn6a08c5b5a5db5 button-style-8 \"><div class=\"animted-content-inner\"><a href=\"https:\/\/www.dhl.com\/global-en\/home\/our-divisions\/freight\/freight-quote\/fqt.html?cid=organic-referrer_Ju5LVC\" target=\"_blank\" class=\"button-link-wrap\" role=\"button\">Odes\u00edl\u00e1n\u00ed s DHL<\/a><\/div><\/div><\/div><\/div><\/div><div class=\"pricing-cta-text\"><p style=\"text-align: left\">Pokud jste z\u00e1kazn\u00edkem spole\u010dnosti Saloodo! a m\u00e1te jak\u00e9koli dotazy t\u00fdkaj\u00edc\u00ed se va\u0161ich faktur nebo na\u0161eho nakl\u00e1d\u00e1n\u00ed s va\u0161imi \u00fadaji, nev\u00e1hejte n\u00e1s kontaktovat <a href=\"https:\/\/www.saloodo.com\/cs\/kontaktujte-nas\/\"><strong>zde<\/strong><\/a>.<\/p><p style=\"text-align: left\">Pokud jste dopravce a hled\u00e1te dal\u0161\u00ed zak\u00e1zky, <a href=\"https:\/\/www.dhl.com\/de-en\/home\/freight\/become-a-dhl-freight-carrier.html\" target=\"_blank\" rel=\"noopener\"><strong>po\u017e\u00e1dejte o spolupr\u00e1ci s DHL Freight<\/strong><\/a>.<\/p><\/div><div class=\"pricing-overlay-color \"><\/div><\/div><\/div>\t\t\t\t<\/div>\n\t\t\t\t<\/div>\n\t\t\t\t<\/div>\n\t\t\t\t\t<\/div>\n\t\t\t\t<\/div>\n\t\t<section data-dce-background-color=\"#F9F9F9\" class=\"elementor-element elementor-element-cc3426a e-con-full e-flex e-con e-parent\" data-id=\"cc3426a\" data-element_type=\"container\" data-e-type=\"container\" data-settings=\"{&quot;background_background&quot;:&quot;classic&quot;}\">\n\t\t<div class=\"elementor-element elementor-element-77aa332 e-con-full e-flex e-con e-child\" data-id=\"77aa332\" data-element_type=\"container\" data-e-type=\"container\">\n\t\t\t\t<div data-dce-title-color=\"#3B3B3B\" class=\"elementor-element elementor-element-321b951 elementor-widget elementor-widget-heading\" data-id=\"321b951\" data-element_type=\"widget\" data-e-type=\"widget\" data-widget_type=\"heading.default\">\n\t\t\t\t<div class=\"elementor-widget-container\">\n\t\t\t\t\t<h2 class=\"elementor-heading-title elementor-size-default\">Va\u0161i odborn\u00edci na digit\u00e1ln\u00ed logistiku<\/h2>\t\t\t\t<\/div>\n\t\t\t\t<\/div>\n\t\t\t\t<div class=\"elementor-element elementor-element-30aa60e elementor-widget elementor-widget-text-editor\" data-id=\"30aa60e\" data-element_type=\"widget\" data-e-type=\"widget\" data-widget_type=\"text-editor.default\">\n\t\t\t\t<div class=\"elementor-widget-container\">\n\t\t\t\t\t\t\t\t\t<p>Kombinujeme logistick\u00e9 know-how a infrastrukturu glob\u00e1ln\u00edho hr\u00e1\u010de s flexibilitou a digit\u00e1ln\u00edmi kompetencemi za\u010d\u00ednaj\u00edc\u00edho podniku. Learn more in our blog, <span class=\"inline-comment-marker valid\" data-ref=\"77fe081a-1691-4b2c-a389-3c0b34671a1a\">the Logistics dictionary, and our info pages.<\/span><\/p>\n\t\t\t\t\t\t\t\t<\/div>\n\t\t\t\t<\/div>\n\t\t<div class=\"elementor-element elementor-element-44dc2a8 elementor-hidden-tablet e-flex e-con-boxed e-con e-child\" data-id=\"44dc2a8\" data-element_type=\"container\" data-e-type=\"container\">\n\t\t\t\t\t<div class=\"e-con-inner\">\n\t\t\t\t<div class=\"elementor-element elementor-element-72935c0 elementor-mobile-align-center elementor-align-left elementor-widget elementor-widget-button\" data-id=\"72935c0\" data-element_type=\"widget\" data-e-type=\"widget\" data-widget_type=\"button.default\">\n\t\t\t\t<div class=\"elementor-widget-container\">\n\t\t\t\t\t\t\t\t\t<div class=\"elementor-button-wrapper\">\n\t\t\t\t\t<a class=\"elementor-button elementor-button-link elementor-size-sm\" href=\"https:\/\/www.saloodo.com\/blog\/\">\n\t\t\t\t\t\t<span class=\"elementor-button-content-wrapper\">\n\t\t\t\t\t\t\t\t\t<span class=\"elementor-button-text\">Saloodo! Blog<\/span>\n\t\t\t\t\t<\/span>\n\t\t\t\t\t<\/a>\n\t\t\t\t<\/div>\n\t\t\t\t\t\t\t\t<\/div>\n\t\t\t\t<\/div>\n\t\t\t\t\t<\/div>\n\t\t\t\t<\/div>\n\t\t\t\t<\/div>\n\t\t<div class=\"elementor-element elementor-element-5be0dad e-con-full e-flex e-con e-child\" data-id=\"5be0dad\" data-element_type=\"container\" data-e-type=\"container\">\n\t\t<div class=\"elementor-element elementor-element-1ca90c6 elementor-hidden-phone e-con-full e-flex e-con e-child\" data-id=\"1ca90c6\" data-element_type=\"container\" data-e-type=\"container\">\n\t\t\t\t<div class=\"elementor-element elementor-element-d69a392 elementor--v-position-bottom elementor--h-position-left elementor-arrows-position-inside elementor-pagination-position-inside elementor-widget elementor-widget-slides\" data-id=\"d69a392\" data-element_type=\"widget\" data-e-type=\"widget\" data-settings=\"{&quot;navigation&quot;:&quot;both&quot;,&quot;autoplay&quot;:&quot;yes&quot;,&quot;pause_on_hover&quot;:&quot;yes&quot;,&quot;pause_on_interaction&quot;:&quot;yes&quot;,&quot;autoplay_speed&quot;:5000,&quot;infinite&quot;:&quot;yes&quot;,&quot;transition&quot;:&quot;slide&quot;,&quot;transition_speed&quot;:500}\" data-widget_type=\"slides.default\">\n\t\t\t\t<div class=\"elementor-widget-container\">\n\t\t\t\t\t\t\t\t\t<div class=\"elementor-swiper\">\n\t\t\t\t\t<div class=\"elementor-slides-wrapper elementor-main-swiper swiper\" role=\"region\" aria-roledescription=\"carousel\" aria-label=\"Slides\" dir=\"ltr\" data-animation=\"fadeInUp\">\n\t\t\t\t<div class=\"swiper-wrapper elementor-slides\">\n\t\t\t\t\t\t\t\t\t\t<div class=\"elementor-repeater-item-ca46c82 swiper-slide\" role=\"group\" aria-roledescription=\"slide\"><div class=\"swiper-slide-bg\" role=\"img\" aria-label=\"blog_background_home\"><\/div><div class=\"elementor-background-overlay\"><\/div><a class=\"swiper-slide-inner\" href=\"https:\/\/www.saloodo.com\/blog\/\"><div class=\"swiper-slide-contents\"><div class=\"elementor-slide-heading\">BLOG<\/div><\/div><\/a><\/div>\t\t\t\t<\/div>\n\t\t\t\t\t\t\t<\/div>\n\t\t\t\t<\/div>\n\t\t\t\t\t\t\t\t<\/div>\n\t\t\t\t<\/div>\n\t\t\t\t<\/div>\n\t\t\t\t<\/div>\n\t\t\t\t<\/section>\n\t\t\t\t<section data-dce-background-overlay-image-url=\"https:\/\/www.saloodo.com\/wp-content\/uploads\/2020\/05\/infinity_white.png\" class=\"elementor-section elementor-top-section elementor-element elementor-element-32db114 elementor-section-stretched elementor-hidden-phone elementor-section-full_width elementor-hidden-tablet elementor-section-height-default elementor-section-height-default\" data-id=\"32db114\" data-element_type=\"section\" data-e-type=\"section\" data-settings=\"{&quot;stretch_section&quot;:&quot;section-stretched&quot;,&quot;background_background&quot;:&quot;classic&quot;}\">\n\t\t\t\t\t\t\t<div class=\"elementor-background-overlay\"><\/div>\n\t\t\t\t\t\t\t<div class=\"elementor-container elementor-column-gap-default\">\n\t\t\t\t\t<div class=\"elementor-column elementor-col-100 elementor-top-column elementor-element elementor-element-3cc36d0\" data-id=\"3cc36d0\" data-element_type=\"column\" data-e-type=\"column\">\n\t\t\t<div class=\"elementor-widget-wrap elementor-element-populated\">\n\t\t\t\t\t\t<div data-dce-title-color=\"#3B3B3B\" class=\"elementor-element elementor-element-ae0f034 elementor-widget elementor-widget-heading\" data-id=\"ae0f034\" data-element_type=\"widget\" data-e-type=\"widget\" data-widget_type=\"heading.default\">\n\t\t\t\t<div class=\"elementor-widget-container\">\n\t\t\t\t\t<h3 class=\"elementor-heading-title elementor-size-default\">Ot\u00e1zky?<\/h3>\t\t\t\t<\/div>\n\t\t\t\t<\/div>\n\t\t\t\t<div data-dce-background-color=\"#349AED\" class=\"elementor-element elementor-element-ffe0bd9 elementor-align-center elementor-mobile-align-center elementor-tablet-align-center elementor-widget elementor-widget-button\" data-id=\"ffe0bd9\" data-element_type=\"widget\" data-e-type=\"widget\" data-widget_type=\"button.default\">\n\t\t\t\t<div class=\"elementor-widget-container\">\n\t\t\t\t\t\t\t\t\t<div class=\"elementor-button-wrapper\">\n\t\t\t\t\t<a class=\"elementor-button elementor-button-link elementor-size-md elementor-animation-grow\" href=\"https:\/\/www.saloodo.com\/cs\/kontaktujte-nas\/\">\n\t\t\t\t\t\t<span class=\"elementor-button-content-wrapper\">\n\t\t\t\t\t\t\t\t\t<span class=\"elementor-button-text\">Kontaktujte n\u00e1s!<\/span>\n\t\t\t\t\t<\/span>\n\t\t\t\t\t<\/a>\n\t\t\t\t<\/div>\n\t\t\t\t\t\t\t\t<\/div>\n\t\t\t\t<\/div>\n\t\t\t\t\t<\/div>\n\t\t<\/div>\n\t\t\t\t\t<\/div>\n\t\t<\/section>\n\t\t\t\t<\/div>\n\t\t","protected":false},"excerpt":{"rendered":"<p>We make logistics fast. smart. reliable. \u0418\u0437\u0431\u0435\u0440\u0435\u0442\u0435 \u0432\u0430\u0448\u0438\u044f \u0440\u0435\u0433\u0438\u043e\u043d Bl\u00edzk\u00fd v\u00fdchod a AfrikaSaloodo! je v\u00e1\u0161 specialista na digit\u00e1ln\u00ed p\u0159epravu zbo\u017e\u00ed, kter\u00fd nab\u00edz\u00ed \u0161irokou \u0161k\u00e1lu v\u00fdhodn\u00fdch mo\u017enost\u00ed p\u0159epravy pro organizace, kter\u00e9 hledaj\u00ed spolehliv\u00e9 p\u0159epravn\u00ed slu\u017eby. Prozkoumejte na\u0161i p\u016fsobnost v MEA!Lo\u010f se Saloodem! Pokud jste z\u00e1kazn\u00edkem DGF a m\u00e1te jak\u00e9koli dotazy t\u00fdkaj\u00edc\u00ed se va\u0161ich faktur nebo na\u0161eho [&hellip;]<\/p>\n","protected":false},"author":4,"featured_media":194177,"parent":0,"menu_order":0,"comment_status":"closed","ping_status":"closed","template":"","meta":{"_acf_changed":false,"footnotes":""},"page-tags":[],"class_list":["post-59676","page","type-page","status-publish","has-post-thumbnail","hentry"],"acf":[],"_links":{"self":[{"href":"https:\/\/www.saloodo.com\/cs\/wp-json\/wp\/v2\/pages\/59676","targetHints":{"allow":["GET"]}}],"collection":[{"href":"https:\/\/www.saloodo.com\/cs\/wp-json\/wp\/v2\/pages"}],"about":[{"href":"https:\/\/www.saloodo.com\/cs\/wp-json\/wp\/v2\/types\/page"}],"author":[{"embeddable":true,"href":"https:\/\/www.saloodo.com\/cs\/wp-json\/wp\/v2\/users\/4"}],"replies":[{"embeddable":true,"href":"https:\/\/www.saloodo.com\/cs\/wp-json\/wp\/v2\/comments?post=59676"}],"version-history":[{"count":111,"href":"https:\/\/www.saloodo.com\/cs\/wp-json\/wp\/v2\/pages\/59676\/revisions"}],"predecessor-version":[{"id":214376,"href":"https:\/\/www.saloodo.com\/cs\/wp-json\/wp\/v2\/pages\/59676\/revisions\/214376"}],"wp:featuredmedia":[{"embeddable":true,"href":"https:\/\/www.saloodo.com\/cs\/wp-json\/wp\/v2\/media\/194177"}],"wp:attachment":[{"href":"https:\/\/www.saloodo.com\/cs\/wp-json\/wp\/v2\/media?parent=59676"}],"wp:term":[{"taxonomy":"page-tags","embeddable":true,"href":"https:\/\/www.saloodo.com\/cs\/wp-json\/wp\/v2\/page-tags?post=59676"}],"curies":[{"name":"wp","href":"https:\/\/api.w.org\/{rel}","templated":true}]}}