{"id":60302,"date":"2021-10-21T10:04:54","date_gmt":"2021-10-21T08:04:54","guid":{"rendered":"https:\/\/www.saloodo.com\/vseobecne-obchodni-podminky\/"},"modified":"2023-11-14T15:32:05","modified_gmt":"2023-11-14T14:32:05","slug":"vseobecne-obchodni-podminky","status":"publish","type":"page","link":"https:\/\/www.saloodo.com\/cs\/vseobecne-obchodni-podminky\/","title":{"rendered":"Podm\u00ednky a pravidla"},"content":{"rendered":"\t\t<div data-elementor-type=\"wp-page\" data-elementor-id=\"60302\" class=\"elementor elementor-60302 elementor-1149\" data-elementor-post-type=\"page\">\n\t\t\t\t<div class=\"elementor-element elementor-element-9fbdb8f e-flex e-con-boxed e-con e-parent\" data-id=\"9fbdb8f\" data-element_type=\"container\" data-e-type=\"container\" data-settings=\"{&quot;background_background&quot;:&quot;classic&quot;}\">\n\t\t\t\t\t<div class=\"e-con-inner\">\n\t\t<div class=\"elementor-element elementor-element-4c22ddd e-con-full e-flex e-con e-child\" data-id=\"4c22ddd\" data-element_type=\"container\" data-e-type=\"container\">\n\t\t\t\t<div data-dce-title-color=\"#3B3B3B\" class=\"elementor-element elementor-element-e761466 elementor-widget elementor-widget-heading\" data-id=\"e761466\" data-element_type=\"widget\" data-e-type=\"widget\" data-widget_type=\"heading.default\">\n\t\t\t\t<div class=\"elementor-widget-container\">\n\t\t\t\t\t<h1 class=\"elementor-heading-title elementor-size-default\">Podm\u00ednky a pravidla<\/h1>\t\t\t\t<\/div>\n\t\t\t\t<\/div>\n\t\t\t\t<\/div>\n\t\t\t\t\t<\/div>\n\t\t\t\t<\/div>\n\t\t<div class=\"elementor-element elementor-element-3837a60 e-flex e-con-boxed e-con e-parent\" data-id=\"3837a60\" data-element_type=\"container\" data-e-type=\"container\" data-settings=\"{&quot;background_background&quot;:&quot;classic&quot;}\">\n\t\t\t\t\t<div class=\"e-con-inner\">\n\t\t<div class=\"elementor-element elementor-element-c983424 e-con-full e-flex e-con e-child\" data-id=\"c983424\" data-element_type=\"container\" data-e-type=\"container\">\n\t\t\t\t<div class=\"elementor-element elementor-element-912f18c elementor-widget elementor-widget-text-editor\" data-id=\"912f18c\" data-element_type=\"widget\" data-e-type=\"widget\" data-widget_type=\"text-editor.default\">\n\t\t\t\t<div class=\"elementor-widget-container\">\n\t\t\t\t\t\t\t\t\t<p>Saloodo! GmbH (d\u00e1le jen \u201eSaloodo!\u201c) pr\u016fb\u011b\u017en\u011b kontroluje a aktualizuje informace uveden\u00e9 na sv\u00fdch webov\u00fdch str\u00e1nk\u00e1ch. I p\u0159es d\u016fkladn\u00e9 kontroly se n\u011bkter\u00e9 \u00fadaje od zve\u0159ejn\u011bn\u00ed na webu mohly zm\u011bnit. Spole\u010dnost proto nem\u016f\u017ee p\u0159evz\u00edt \u017e\u00e1dnou odpov\u011bdnost ani vydat \u017e\u00e1dnou z\u00e1ruku za to, \u017ee poskytnut\u00e9 informace jsou aktu\u00e1ln\u00ed, spr\u00e1vn\u00e9 nebo \u00fapln\u00e9.<\/p><p>Tot\u00e9\u017e plat\u00ed pro v\u0161echny ostatn\u00ed webov\u00e9 str\u00e1nky, na kter\u00e9 m\u016f\u017ee b\u00fdt osoba p\u0159esm\u011brov\u00e1na pomoc\u00ed hypertextov\u00fdch odkaz\u016f. Saloodo! neodpov\u00edd\u00e1 za obsah webov\u00fdch str\u00e1nek dosa\u017een\u00fdch prost\u0159ednictv\u00edm tohoto typu odkazu.<\/p><p>Obsah a struktura Saloodo! webov\u00e9 str\u00e1nky jsou chr\u00e1n\u011bny autorsk\u00fdm pr\u00e1vem. \u017d\u00e1dn\u00e9 informace ani data, zejm\u00e9na ne texty, jejich \u010d\u00e1sti nebo obr\u00e1zky, nesm\u00ed b\u00fdt reprodukov\u00e1ny bez p\u0159edchoz\u00edho souhlasu Saloodo!.<\/p><p>Spole\u010dnost Saloodo! dodr\u017euje stejn\u00e9 standardy dodr\u017eov\u00e1n\u00ed p\u0159edpis\u016f a obchodn\u00ed etiky jako skupina DPDHL, kter\u00e1 je signat\u00e1\u0159em iniciativy UN Global Compact a \u010dlenem iniciativy PACI (World Economic Forum\u2019s Partnering Against Corruption Initiative). Saloodo! GmbH k odpov\u011bdn\u00e9mu podnik\u00e1n\u00ed je zakotveno v \u201eKodexu chov\u00e1n\u00ed\u201c a \u201eProtikorup\u010dn\u00ed a etick\u00e9 politice\u201c spole\u010dnosti Deutsche Post DHL.<\/p>\t\t\t\t\t\t\t\t<\/div>\n\t\t\t\t<\/div>\n\t\t<div class=\"elementor-element elementor-element-69e54c6 e-con-full e-flex e-con e-child\" data-id=\"69e54c6\" data-element_type=\"container\" data-e-type=\"container\">\n\t\t<div class=\"elementor-element elementor-element-97f3bcf e-con-full e-flex e-con e-child\" data-id=\"97f3bcf\" data-element_type=\"container\" data-e-type=\"container\" data-settings=\"{&quot;background_background&quot;:&quot;classic&quot;}\">\n\t\t\t\t<div data-dce-title-color=\"#3B3B3B\" class=\"elementor-element elementor-element-1f0f2b3 elementor-widget elementor-widget-heading\" data-id=\"1f0f2b3\" data-element_type=\"widget\" data-e-type=\"widget\" data-widget_type=\"heading.default\">\n\t\t\t\t<div class=\"elementor-widget-container\">\n\t\t\t\t\t<h3 class=\"elementor-heading-title elementor-size-default\">Evropa<\/h3>\t\t\t\t<\/div>\n\t\t\t\t<\/div>\n\t\t\t\t<div class=\"elementor-element elementor-element-72ed93f elementor-widget-divider--view-line elementor-widget elementor-widget-divider\" data-id=\"72ed93f\" data-element_type=\"widget\" data-e-type=\"widget\" data-widget_type=\"divider.default\">\n\t\t\t\t<div class=\"elementor-widget-container\">\n\t\t\t\t\t\t\t<div class=\"elementor-divider\">\n\t\t\t<span class=\"elementor-divider-separator\">\n\t\t\t\t\t\t<\/span>\n\t\t<\/div>\n\t\t\t\t\t\t<\/div>\n\t\t\t\t<\/div>\n\t\t\t\t<div class=\"elementor-element elementor-element-1bba00e elementor-align-center elementor-mobile-align-center elementor-widget elementor-widget-button\" data-id=\"1bba00e\" data-element_type=\"widget\" data-e-type=\"widget\" data-widget_type=\"button.default\">\n\t\t\t\t<div class=\"elementor-widget-container\">\n\t\t\t\t\t\t\t\t\t<div class=\"elementor-button-wrapper\">\n\t\t\t\t\t<a class=\"elementor-button elementor-button-link elementor-size-md\" href=\"https:\/\/www.saloodo.com\/cs\/vseobecne-obchodni-podminky\/zakaznik\/\">\n\t\t\t\t\t\t<span class=\"elementor-button-content-wrapper\">\n\t\t\t\t\t\t\t\t\t<span class=\"elementor-button-text\">Viz. V\u0161eobecn\u00e9 obchodn\u00ed podm\u00ednky pro <b>z\u00e1kazn\u00edky<\/b><\/span>\n\t\t\t\t\t<\/span>\n\t\t\t\t\t<\/a>\n\t\t\t\t<\/div>\n\t\t\t\t\t\t\t\t<\/div>\n\t\t\t\t<\/div>\n\t\t\t\t<div class=\"elementor-element elementor-element-05bef92 elementor-align-center elementor-mobile-align-center elementor-widget elementor-widget-button\" data-id=\"05bef92\" data-element_type=\"widget\" data-e-type=\"widget\" data-widget_type=\"button.default\">\n\t\t\t\t<div class=\"elementor-widget-container\">\n\t\t\t\t\t\t\t\t\t<div class=\"elementor-button-wrapper\">\n\t\t\t\t\t<a class=\"elementor-button elementor-button-link elementor-size-md\" href=\"https:\/\/www.saloodo.com\/cs\/vseobecne-obchodni-podminky\/dopravce\/\">\n\t\t\t\t\t\t<span class=\"elementor-button-content-wrapper\">\n\t\t\t\t\t\t\t\t\t<span class=\"elementor-button-text\">Viz. V\u0161eobecn\u00e9 obchodn\u00ed podm\u00ednky pro <b>dopravce<\/b><\/span>\n\t\t\t\t\t<\/span>\n\t\t\t\t\t<\/a>\n\t\t\t\t<\/div>\n\t\t\t\t\t\t\t\t<\/div>\n\t\t\t\t<\/div>\n\t\t\t\t<\/div>\n\t\t<div class=\"elementor-element elementor-element-7a0d546 e-flex e-con-boxed e-con e-child\" data-id=\"7a0d546\" data-element_type=\"container\" data-e-type=\"container\" data-settings=\"{&quot;background_background&quot;:&quot;classic&quot;}\">\n\t\t\t\t\t<div class=\"e-con-inner\">\n\t\t\t\t<div data-dce-title-color=\"#3B3B3B\" class=\"elementor-element elementor-element-5886b4d elementor-widget elementor-widget-heading\" data-id=\"5886b4d\" data-element_type=\"widget\" data-e-type=\"widget\" data-widget_type=\"heading.default\">\n\t\t\t\t<div class=\"elementor-widget-container\">\n\t\t\t\t\t<h3 class=\"elementor-heading-title elementor-size-default\">Bl\u00edzk\u00fd v\u00fdchod &amp; Afrika<\/h3>\t\t\t\t<\/div>\n\t\t\t\t<\/div>\n\t\t\t\t<div class=\"elementor-element elementor-element-ff5bcbe elementor-widget-divider--view-line elementor-widget elementor-widget-divider\" data-id=\"ff5bcbe\" data-element_type=\"widget\" data-e-type=\"widget\" data-widget_type=\"divider.default\">\n\t\t\t\t<div class=\"elementor-widget-container\">\n\t\t\t\t\t\t\t<div class=\"elementor-divider\">\n\t\t\t<span class=\"elementor-divider-separator\">\n\t\t\t\t\t\t<\/span>\n\t\t<\/div>\n\t\t\t\t\t\t<\/div>\n\t\t\t\t<\/div>\n\t\t\t\t<div class=\"elementor-element elementor-element-4bcb283 elementor-align-center elementor-mobile-align-center elementor-widget elementor-widget-button\" data-id=\"4bcb283\" data-element_type=\"widget\" data-e-type=\"widget\" data-widget_type=\"button.default\">\n\t\t\t\t<div class=\"elementor-widget-container\">\n\t\t\t\t\t\t\t\t\t<div class=\"elementor-button-wrapper\">\n\t\t\t\t\t<a class=\"elementor-button elementor-button-link elementor-size-md\" href=\"https:\/\/www.saloodo.com\/terms-conditions\/shipper-mea\/\">\n\t\t\t\t\t\t<span class=\"elementor-button-content-wrapper\">\n\t\t\t\t\t\t\t\t\t<span class=\"elementor-button-text\">Viz. V\u0161eobecn\u00e9 obchodn\u00ed podm\u00ednky pro <b>z\u00e1kazn\u00edky<\/b><\/span>\n\t\t\t\t\t<\/span>\n\t\t\t\t\t<\/a>\n\t\t\t\t<\/div>\n\t\t\t\t\t\t\t\t<\/div>\n\t\t\t\t<\/div>\n\t\t\t\t<div class=\"elementor-element elementor-element-0dc7595 elementor-align-center elementor-mobile-align-center elementor-widget elementor-widget-button\" data-id=\"0dc7595\" data-element_type=\"widget\" data-e-type=\"widget\" data-widget_type=\"button.default\">\n\t\t\t\t<div class=\"elementor-widget-container\">\n\t\t\t\t\t\t\t\t\t<div class=\"elementor-button-wrapper\">\n\t\t\t\t\t<a class=\"elementor-button elementor-button-link elementor-size-md\" href=\"https:\/\/www.saloodo.com\/terms-conditions\/carrier-mea\/\">\n\t\t\t\t\t\t<span class=\"elementor-button-content-wrapper\">\n\t\t\t\t\t\t\t\t\t<span class=\"elementor-button-text\">Viz. V\u0161eobecn\u00e9 obchodn\u00ed podm\u00ednky pro <b>dopravce<\/b><\/span>\n\t\t\t\t\t<\/span>\n\t\t\t\t\t<\/a>\n\t\t\t\t<\/div>\n\t\t\t\t\t\t\t\t<\/div>\n\t\t\t\t<\/div>\n\t\t\t\t\t<\/div>\n\t\t\t\t<\/div>\n\t\t<div class=\"elementor-element elementor-element-d57332c e-flex e-con-boxed e-con e-child\" data-id=\"d57332c\" data-element_type=\"container\" data-e-type=\"container\" data-settings=\"{&quot;background_background&quot;:&quot;classic&quot;}\">\n\t\t\t\t\t<div class=\"e-con-inner\">\n\t\t\t\t<div data-dce-title-color=\"#3B3B3B\" class=\"elementor-element elementor-element-188e2c7 elementor-widget elementor-widget-heading\" data-id=\"188e2c7\" data-element_type=\"widget\" data-e-type=\"widget\" data-widget_type=\"heading.default\">\n\t\t\t\t<div class=\"elementor-widget-container\">\n\t\t\t\t\t<h3 class=\"elementor-heading-title elementor-size-default\">Argentina<\/h3>\t\t\t\t<\/div>\n\t\t\t\t<\/div>\n\t\t\t\t<div class=\"elementor-element elementor-element-7162699 elementor-widget-divider--view-line elementor-widget elementor-widget-divider\" data-id=\"7162699\" data-element_type=\"widget\" data-e-type=\"widget\" data-widget_type=\"divider.default\">\n\t\t\t\t<div class=\"elementor-widget-container\">\n\t\t\t\t\t\t\t<div class=\"elementor-divider\">\n\t\t\t<span class=\"elementor-divider-separator\">\n\t\t\t\t\t\t<\/span>\n\t\t<\/div>\n\t\t\t\t\t\t<\/div>\n\t\t\t\t<\/div>\n\t\t\t\t<div class=\"elementor-element elementor-element-ffd2dd0 elementor-align-center elementor-mobile-align-center elementor-widget elementor-widget-button\" data-id=\"ffd2dd0\" data-element_type=\"widget\" data-e-type=\"widget\" data-widget_type=\"button.default\">\n\t\t\t\t<div class=\"elementor-widget-container\">\n\t\t\t\t\t\t\t\t\t<div class=\"elementor-button-wrapper\">\n\t\t\t\t\t<a class=\"elementor-button elementor-button-link elementor-size-md\" href=\"\/es\/terminos-condiciones\/remitentes\/\">\n\t\t\t\t\t\t<span class=\"elementor-button-content-wrapper\">\n\t\t\t\t\t\t\t\t\t<span class=\"elementor-button-text\">Viz. V\u0161eobecn\u00e9 obchodn\u00ed podm\u00ednky pro <b>z\u00e1kazn\u00edky<\/b><\/span>\n\t\t\t\t\t<\/span>\n\t\t\t\t\t<\/a>\n\t\t\t\t<\/div>\n\t\t\t\t\t\t\t\t<\/div>\n\t\t\t\t<\/div>\n\t\t\t\t<div class=\"elementor-element elementor-element-76fbfac elementor-align-center elementor-mobile-align-center elementor-widget elementor-widget-button\" data-id=\"76fbfac\" data-element_type=\"widget\" data-e-type=\"widget\" data-widget_type=\"button.default\">\n\t\t\t\t<div class=\"elementor-widget-container\">\n\t\t\t\t\t\t\t\t\t<div class=\"elementor-button-wrapper\">\n\t\t\t\t\t<a class=\"elementor-button elementor-button-link elementor-size-md\" href=\"\/es\/terminos-condiciones\/transportistas\/\">\n\t\t\t\t\t\t<span class=\"elementor-button-content-wrapper\">\n\t\t\t\t\t\t\t\t\t<span class=\"elementor-button-text\">Viz. V\u0161eobecn\u00e9 obchodn\u00ed podm\u00ednky pro <b>dopravce<\/b><\/span>\n\t\t\t\t\t<\/span>\n\t\t\t\t\t<\/a>\n\t\t\t\t<\/div>\n\t\t\t\t\t\t\t\t<\/div>\n\t\t\t\t<\/div>\n\t\t\t\t\t<\/div>\n\t\t\t\t<\/div>\n\t\t<div class=\"elementor-element elementor-element-b2df0db e-flex e-con-boxed e-con e-child\" data-id=\"b2df0db\" data-element_type=\"container\" data-e-type=\"container\" data-settings=\"{&quot;background_background&quot;:&quot;classic&quot;}\">\n\t\t\t\t\t<div class=\"e-con-inner\">\n\t\t\t\t<div data-dce-title-color=\"#3B3B3B\" class=\"elementor-element elementor-element-a67402f elementor-widget elementor-widget-heading\" data-id=\"a67402f\" data-element_type=\"widget\" data-e-type=\"widget\" data-widget_type=\"heading.default\">\n\t\t\t\t<div class=\"elementor-widget-container\">\n\t\t\t\t\t<h3 class=\"elementor-heading-title elementor-size-default\">Krocan<\/h3>\t\t\t\t<\/div>\n\t\t\t\t<\/div>\n\t\t\t\t<div class=\"elementor-element elementor-element-720f9f3 elementor-widget-divider--view-line elementor-widget elementor-widget-divider\" data-id=\"720f9f3\" data-element_type=\"widget\" data-e-type=\"widget\" data-widget_type=\"divider.default\">\n\t\t\t\t<div class=\"elementor-widget-container\">\n\t\t\t\t\t\t\t<div class=\"elementor-divider\">\n\t\t\t<span class=\"elementor-divider-separator\">\n\t\t\t\t\t\t<\/span>\n\t\t<\/div>\n\t\t\t\t\t\t<\/div>\n\t\t\t\t<\/div>\n\t\t\t\t<div class=\"elementor-element elementor-element-3fb4c26 elementor-align-center elementor-mobile-align-center elementor-widget elementor-widget-button\" data-id=\"3fb4c26\" data-element_type=\"widget\" data-e-type=\"widget\" data-widget_type=\"button.default\">\n\t\t\t\t<div class=\"elementor-widget-container\">\n\t\t\t\t\t\t\t\t\t<div class=\"elementor-button-wrapper\">\n\t\t\t\t\t<a class=\"elementor-button elementor-button-link elementor-size-md\" href=\"\/tr\/sartlar-ve-kosullar\/tasimacilar\/\">\n\t\t\t\t\t\t<span class=\"elementor-button-content-wrapper\">\n\t\t\t\t\t\t\t\t\t<span class=\"elementor-button-text\">Viz. V\u0161eobecn\u00e9 obchodn\u00ed podm\u00ednky pro <b>z\u00e1kazn\u00edky<\/b><\/span>\n\t\t\t\t\t<\/span>\n\t\t\t\t\t<\/a>\n\t\t\t\t<\/div>\n\t\t\t\t\t\t\t\t<\/div>\n\t\t\t\t<\/div>\n\t\t\t\t<div class=\"elementor-element elementor-element-df6b881 elementor-align-center elementor-mobile-align-center elementor-widget elementor-widget-button\" data-id=\"df6b881\" data-element_type=\"widget\" data-e-type=\"widget\" data-widget_type=\"button.default\">\n\t\t\t\t<div class=\"elementor-widget-container\">\n\t\t\t\t\t\t\t\t\t<div class=\"elementor-button-wrapper\">\n\t\t\t\t\t<a class=\"elementor-button elementor-button-link elementor-size-md\" href=\"\/tr\/sartlar-ve-kosullar\/musteri\/\">\n\t\t\t\t\t\t<span class=\"elementor-button-content-wrapper\">\n\t\t\t\t\t\t\t\t\t<span class=\"elementor-button-text\">Viz. V\u0161eobecn\u00e9 obchodn\u00ed podm\u00ednky pro <b>dopravce<\/b><\/span>\n\t\t\t\t\t<\/span>\n\t\t\t\t\t<\/a>\n\t\t\t\t<\/div>\n\t\t\t\t\t\t\t\t<\/div>\n\t\t\t\t<\/div>\n\t\t\t\t\t<\/div>\n\t\t\t\t<\/div>\n\t\t\t\t<\/div>\n\t\t\t\t<\/div>\n\t\t\t\t\t<\/div>\n\t\t\t\t<\/div>\n\t\t\t\t<\/div>\n\t\t","protected":false},"excerpt":{"rendered":"<p>Podm\u00ednky a pravidla Saloodo! GmbH (d\u00e1le jen \u201eSaloodo!\u201c) pr\u016fb\u011b\u017en\u011b kontroluje a aktualizuje informace uveden\u00e9 na sv\u00fdch webov\u00fdch str\u00e1nk\u00e1ch. I p\u0159es d\u016fkladn\u00e9 kontroly se n\u011bkter\u00e9 \u00fadaje od zve\u0159ejn\u011bn\u00ed na webu mohly zm\u011bnit. Spole\u010dnost proto nem\u016f\u017ee p\u0159evz\u00edt \u017e\u00e1dnou odpov\u011bdnost ani vydat \u017e\u00e1dnou z\u00e1ruku za to, \u017ee poskytnut\u00e9 informace jsou aktu\u00e1ln\u00ed, spr\u00e1vn\u00e9 nebo \u00fapln\u00e9. Tot\u00e9\u017e plat\u00ed pro v\u0161echny [&hellip;]<\/p>\n","protected":false},"author":4,"featured_media":0,"parent":0,"menu_order":0,"comment_status":"closed","ping_status":"closed","template":"","meta":{"_acf_changed":false,"footnotes":""},"page-tags":[],"class_list":["post-60302","page","type-page","status-publish","hentry"],"acf":[],"_links":{"self":[{"href":"https:\/\/www.saloodo.com\/cs\/wp-json\/wp\/v2\/pages\/60302","targetHints":{"allow":["GET"]}}],"collection":[{"href":"https:\/\/www.saloodo.com\/cs\/wp-json\/wp\/v2\/pages"}],"about":[{"href":"https:\/\/www.saloodo.com\/cs\/wp-json\/wp\/v2\/types\/page"}],"author":[{"embeddable":true,"href":"https:\/\/www.saloodo.com\/cs\/wp-json\/wp\/v2\/users\/4"}],"replies":[{"embeddable":true,"href":"https:\/\/www.saloodo.com\/cs\/wp-json\/wp\/v2\/comments?post=60302"}],"version-history":[{"count":33,"href":"https:\/\/www.saloodo.com\/cs\/wp-json\/wp\/v2\/pages\/60302\/revisions"}],"predecessor-version":[{"id":206116,"href":"https:\/\/www.saloodo.com\/cs\/wp-json\/wp\/v2\/pages\/60302\/revisions\/206116"}],"wp:attachment":[{"href":"https:\/\/www.saloodo.com\/cs\/wp-json\/wp\/v2\/media?parent=60302"}],"wp:term":[{"taxonomy":"page-tags","embeddable":true,"href":"https:\/\/www.saloodo.com\/cs\/wp-json\/wp\/v2\/page-tags?post=60302"}],"curies":[{"name":"wp","href":"https:\/\/api.w.org\/{rel}","templated":true}]}}