{"id":1848,"date":"2018-04-10T12:53:46","date_gmt":"2018-04-10T12:53:46","guid":{"rendered":"http:\/\/prod-alb-cms-v00-1891638461.eu-central-1.elb.amazonaws.com\/?page_id=1848"},"modified":"2025-05-27T22:04:24","modified_gmt":"2025-05-27T20:04:24","slug":"contact-us","status":"publish","type":"page","link":"https:\/\/www.saloodo.com\/pl\/contact-us\/","title":{"rendered":"Kontakt"},"content":{"rendered":"\t\t<div data-elementor-type=\"wp-page\" data-elementor-id=\"1848\" class=\"elementor elementor-1848 elementor-1178\" data-elementor-post-type=\"page\">\n\t\t\t\t<div class=\"elementor-element elementor-element-dd78f20 e-flex e-con-boxed e-con e-parent\" data-id=\"dd78f20\" data-element_type=\"container\" data-e-type=\"container\" data-settings=\"{&quot;background_background&quot;:&quot;classic&quot;}\">\n\t\t\t\t\t<div class=\"e-con-inner\">\n\t\t<div class=\"elementor-element elementor-element-77c9bff e-con-full e-flex e-con e-child\" data-id=\"77c9bff\" data-element_type=\"container\" data-e-type=\"container\">\n\t\t\t\t<div data-dce-title-color=\"#3B3B3B\" class=\"elementor-element elementor-element-bf4a4e2 elementor-widget elementor-widget-heading\" data-id=\"bf4a4e2\" data-element_type=\"widget\" data-e-type=\"widget\" data-widget_type=\"heading.default\">\n\t\t\t\t<div class=\"elementor-widget-container\">\n\t\t\t\t\t<h1 class=\"elementor-heading-title elementor-size-default\">Kontakt<\/h1>\t\t\t\t<\/div>\n\t\t\t\t<\/div>\n\t\t\t\t<div class=\"elementor-element elementor-element-5b5ac32 elementor-widget elementor-widget-text-editor\" data-id=\"5b5ac32\" data-element_type=\"widget\" data-e-type=\"widget\" data-widget_type=\"text-editor.default\">\n\t\t\t\t<div class=\"elementor-widget-container\">\n\t\t\t\t\t\t\t\t\t<p>Je\u015bli masz pytania dotycz\u0105ce Saloodo! i naszych us\u0142ug transportu drogowego, skontaktuj si\u0119 z naszym zespo\u0142em. <br>Jeste\u015bmy tutaj, aby Ci pom\u00f3c.<\/p>\t\t\t\t\t\t\t\t<\/div>\n\t\t\t\t<\/div>\n\t\t\t\t<\/div>\n\t\t\t\t\t<\/div>\n\t\t\t\t<\/div>\n\t\t<div class=\"elementor-element elementor-element-8414976 e-flex e-con-boxed e-con e-parent\" data-id=\"8414976\" data-element_type=\"container\" data-e-type=\"container\" data-settings=\"{&quot;background_background&quot;:&quot;classic&quot;}\">\n\t\t\t\t\t<div class=\"e-con-inner\">\n\t\t<div class=\"elementor-element elementor-element-de635c6 e-con-full e-flex e-con e-child\" data-id=\"de635c6\" data-element_type=\"container\" data-e-type=\"container\">\n\t\t\t\t<div class=\"elementor-element elementor-element-d47ce11 elementor-widget elementor-widget-text-editor\" data-id=\"d47ce11\" data-element_type=\"widget\" data-e-type=\"widget\" data-widget_type=\"text-editor.default\">\n\t\t\t\t<div class=\"elementor-widget-container\">\n\t\t\t\t\t\t\t\t\t<p>Nasz zesp\u00f3\u0142 obs\u0142ugi klienta jest dost\u0119pny od poniedzia\u0142ku do pi\u0105tku w godzinach od <b>08:00 do 17:00<\/b> pod adresem <a href=\"mailto:saloodomea@dhl.com\"><strong>SaloodoMEA@dhl.com<\/strong><\/a> <b><\/b>.<\/p>\t\t\t\t\t\t\t\t<\/div>\n\t\t\t\t<\/div>\n\t\t<div class=\"elementor-element elementor-element-fc17f7e e-con-full e-flex e-con e-child\" data-id=\"fc17f7e\" data-element_type=\"container\" data-e-type=\"container\">\n\t\t<div data-dce-background-color=\"#F5F5F5\" class=\"elementor-element elementor-element-2407ca1 e-flex e-con-boxed e-con e-child\" data-id=\"2407ca1\" data-element_type=\"container\" data-e-type=\"container\" data-settings=\"{&quot;background_background&quot;:&quot;classic&quot;}\">\n\t\t\t\t\t<div class=\"e-con-inner\">\n\t\t\t\t<div data-dce-title-color=\"#3B3B3B\" class=\"elementor-element elementor-element-9c31d28 elementor-widget elementor-widget-heading\" data-id=\"9c31d28\" data-element_type=\"widget\" data-e-type=\"widget\" data-widget_type=\"heading.default\">\n\t\t\t\t<div class=\"elementor-widget-container\">\n\t\t\t\t\t<h2 class=\"elementor-heading-title elementor-size-default\">Wy\u015blijcie nam wiadomo\u015b\u0107!<\/h2>\t\t\t\t<\/div>\n\t\t\t\t<\/div>\n\t\t\t\t<div class=\"elementor-element elementor-element-9f82de4 elementor-button-align-stretch elementor-widget elementor-widget-form\" data-id=\"9f82de4\" data-element_type=\"widget\" data-e-type=\"widget\" data-settings=\"{&quot;button_width&quot;:&quot;20&quot;,&quot;step_next_label&quot;:&quot;Nast\\u0119pny&quot;,&quot;step_previous_label&quot;:&quot;Poprzedni&quot;,&quot;step_type&quot;:&quot;number_text&quot;,&quot;step_icon_shape&quot;:&quot;circle&quot;}\" data-widget_type=\"form.default\">\n\t\t\t\t<div class=\"elementor-widget-container\">\n\t\t\t\t\t\t\t<form class=\"elementor-form\" method=\"post\" name=\"General Contact Form PL\" aria-label=\"General Contact Form PL\">\n\t\t\t<input type=\"hidden\" name=\"post_id\" value=\"1848\"\/>\n\t\t\t<input type=\"hidden\" name=\"form_id\" value=\"9f82de4\"\/>\n\t\t\t<input type=\"hidden\" name=\"referer_title\" value=\"Saloodo! Kontakt z naszym zespo\u0142em\" \/>\n\n\t\t\t\t\t\t\t<input type=\"hidden\" name=\"queried_id\" value=\"1848\"\/>\n\t\t\t\n\t\t\t<div class=\"elementor-form-fields-wrapper elementor-labels-above\">\n\t\t\t\t\t\t\t\t<div class=\"elementor-field-type-text elementor-field-group elementor-column elementor-field-group-name elementor-col-50 elementor-field-required\">\n\t\t\t\t\t\t\t\t\t\t\t\t<label for=\"form-field-name\" class=\"elementor-field-label\">\n\t\t\t\t\t\t\t\tImi\u0119\t\t\t\t\t\t\t<\/label>\n\t\t\t\t\t\t\t\t\t\t\t\t\t\t<input size=\"1\" type=\"text\" name=\"form_fields[name]\" id=\"form-field-name\" class=\"elementor-field elementor-size-sm  elementor-field-textual\" placeholder=\"Imi\u0119\" required=\"required\">\n\t\t\t\t\t\t\t\t\t\t\t<\/div>\n\t\t\t\t\t\t\t\t<div class=\"elementor-field-type-text elementor-field-group elementor-column elementor-field-group-field_d3221c9 elementor-col-50 elementor-field-required\">\n\t\t\t\t\t\t\t\t\t\t\t\t<label for=\"form-field-field_d3221c9\" class=\"elementor-field-label\">\n\t\t\t\t\t\t\t\tNazwisko\t\t\t\t\t\t\t<\/label>\n\t\t\t\t\t\t\t\t\t\t\t\t\t\t<input size=\"1\" type=\"text\" name=\"form_fields[field_d3221c9]\" id=\"form-field-field_d3221c9\" class=\"elementor-field elementor-size-sm  elementor-field-textual\" placeholder=\"Nazwisko\" required=\"required\">\n\t\t\t\t\t\t\t\t\t\t\t<\/div>\n\t\t\t\t\t\t\t\t<div class=\"elementor-field-type-text elementor-field-group elementor-column elementor-field-group-field_917f647 elementor-col-50 elementor-field-required\">\n\t\t\t\t\t\t\t\t\t\t\t\t<label for=\"form-field-field_917f647\" class=\"elementor-field-label\">\n\t\t\t\t\t\t\t\tFirma\t\t\t\t\t\t\t<\/label>\n\t\t\t\t\t\t\t\t\t\t\t\t\t\t<input size=\"1\" type=\"text\" name=\"form_fields[field_917f647]\" id=\"form-field-field_917f647\" class=\"elementor-field elementor-size-sm  elementor-field-textual\" placeholder=\"Firma\" required=\"required\">\n\t\t\t\t\t\t\t\t\t\t\t<\/div>\n\t\t\t\t\t\t\t\t<div class=\"elementor-field-type-email elementor-field-group elementor-column elementor-field-group-email elementor-col-50 elementor-field-required\">\n\t\t\t\t\t\t\t\t\t\t\t\t<label for=\"form-field-email\" class=\"elementor-field-label\">\n\t\t\t\t\t\t\t\tE-mail\t\t\t\t\t\t\t<\/label>\n\t\t\t\t\t\t\t\t\t\t\t\t\t\t<input size=\"1\" type=\"email\" name=\"form_fields[email]\" id=\"form-field-email\" class=\"elementor-field elementor-size-sm  elementor-field-textual\" placeholder=\"E-mail\" required=\"required\">\n\t\t\t\t\t\t\t\t\t\t\t<\/div>\n\t\t\t\t\t\t\t\t<div class=\"elementor-field-type-textarea elementor-field-group elementor-column elementor-field-group-message elementor-col-100\">\n\t\t\t\t\t\t\t\t\t\t\t\t<label for=\"form-field-message\" class=\"elementor-field-label\">\n\t\t\t\t\t\t\t\tWiadomo\u015b\u0107\t\t\t\t\t\t\t<\/label>\n\t\t\t\t\t\t<textarea class=\"elementor-field-textual elementor-field  elementor-size-sm\" name=\"form_fields[message]\" id=\"form-field-message\" rows=\"4\" placeholder=\"Wiadomo\u015b\u0107\"><\/textarea>\t\t\t\t<\/div>\n\t\t\t\t\t\t\t\t<div class=\"elementor-field-type-acceptance elementor-field-group elementor-column elementor-field-group-field_b758807 elementor-col-100\">\n\t\t\t\t\t\t\t\t\t\t\t\t<label for=\"form-field-field_b758807\" class=\"elementor-field-label\">\n\t\t\t\t\t\t\t\tMarketing Email\t\t\t\t\t\t\t<\/label>\n\t\t\t\t\t\t\t\t<div class=\"elementor-field-subgroup\">\n\t\t\t<span class=\"elementor-field-option\">\n\t\t\t\t<input type=\"checkbox\" name=\"form_fields[field_b758807]\" id=\"form-field-field_b758807\" class=\"elementor-field elementor-size-sm  elementor-acceptance-field\">\n\t\t\t\t<label for=\"form-field-field_b758807\">Tak, chc\u0119 otrzymywa\u0107 e-maile z informacjami i ofertami od firmy DHL i mog\u0119 w ka\u017cdej chwili wycofa\u0107 t\u0119 zgod\u0119.<\/label>\t\t\t<\/span>\n\t\t<\/div>\n\t\t\t\t\t\t<\/div>\n\t\t\t\t\t\t\t\t<div class=\"elementor-field-type-html elementor-field-group elementor-column elementor-field-group-field_797a720 elementor-col-100\">\n\t\t\t\t\tZapoznaj si\u0119 z nasz\u0105 <a href=\"https:\/\/www.saloodo.com\/privacy\/\" target=\"_blank\">Polityk\u0105 prywatno\u015bci<\/a>, aby dowiedzie\u0107 si\u0119, w jaki spos\u00f3b b\u0119d\u0105 wykorzystywane twoje dane e-mail.\n\t\t\t\t<\/div>\n\t\t\t\t\t\t\t\t<div class=\"elementor-field-group elementor-column elementor-field-type-submit elementor-col-20 e-form__buttons\">\n\t\t\t\t\t<button class=\"elementor-button elementor-size-sm\" type=\"submit\">\n\t\t\t\t\t\t<span class=\"elementor-button-content-wrapper\">\n\t\t\t\t\t\t\t\t\t\t\t\t\t\t\t\t\t\t\t\t\t\t<span class=\"elementor-button-text\">Wy\u015blij<\/span>\n\t\t\t\t\t\t\t\t\t\t\t\t\t<\/span>\n\t\t\t\t\t<\/button>\n\t\t\t\t<\/div>\n\t\t\t<\/div>\n\t\t<\/form>\n\t\t\t\t\t\t<\/div>\n\t\t\t\t<\/div>\n\t\t\t\t\t<\/div>\n\t\t\t\t<\/div>\n\t\t\t\t<\/div>\n\t\t\t\t<\/div>\n\t\t\t\t\t<\/div>\n\t\t\t\t<\/div>\n\t\t\t\t<\/div>\n\t\t","protected":false},"excerpt":{"rendered":"<p>Kontakt Je\u015bli masz pytania dotycz\u0105ce Saloodo! i naszych us\u0142ug transportu drogowego, skontaktuj si\u0119 z naszym zespo\u0142em. Jeste\u015bmy tutaj, aby Ci pom\u00f3c. Nasz zesp\u00f3\u0142 obs\u0142ugi klienta jest dost\u0119pny od poniedzia\u0142ku do pi\u0105tku w godzinach od 08:00 do 17:00 pod adresem SaloodoMEA@dhl.com . Wy\u015blijcie nam wiadomo\u015b\u0107!<\/p>\n","protected":false},"author":4,"featured_media":0,"parent":0,"menu_order":0,"comment_status":"closed","ping_status":"closed","template":"","meta":{"_acf_changed":false,"footnotes":""},"page-tags":[],"class_list":["post-1848","page","type-page","status-publish","hentry"],"acf":[],"_links":{"self":[{"href":"https:\/\/www.saloodo.com\/pl\/wp-json\/wp\/v2\/pages\/1848","targetHints":{"allow":["GET"]}}],"collection":[{"href":"https:\/\/www.saloodo.com\/pl\/wp-json\/wp\/v2\/pages"}],"about":[{"href":"https:\/\/www.saloodo.com\/pl\/wp-json\/wp\/v2\/types\/page"}],"author":[{"embeddable":true,"href":"https:\/\/www.saloodo.com\/pl\/wp-json\/wp\/v2\/users\/4"}],"replies":[{"embeddable":true,"href":"https:\/\/www.saloodo.com\/pl\/wp-json\/wp\/v2\/comments?post=1848"}],"version-history":[{"count":20,"href":"https:\/\/www.saloodo.com\/pl\/wp-json\/wp\/v2\/pages\/1848\/revisions"}],"predecessor-version":[{"id":214674,"href":"https:\/\/www.saloodo.com\/pl\/wp-json\/wp\/v2\/pages\/1848\/revisions\/214674"}],"wp:attachment":[{"href":"https:\/\/www.saloodo.com\/pl\/wp-json\/wp\/v2\/media?parent=1848"}],"wp:term":[{"taxonomy":"page-tags","embeddable":true,"href":"https:\/\/www.saloodo.com\/pl\/wp-json\/wp\/v2\/page-tags?post=1848"}],"curies":[{"name":"wp","href":"https:\/\/api.w.org\/{rel}","templated":true}]}}