{"id":530,"date":"2018-03-29T16:00:31","date_gmt":"2018-03-29T16:00:31","guid":{"rendered":"http:\/\/prod-alb-cms-v00-1891638461.eu-central-1.elb.amazonaws.com\/home\/"},"modified":"2025-01-10T10:19:58","modified_gmt":"2025-01-10T09:19:58","slug":"home","status":"publish","type":"page","link":"https:\/\/www.saloodo.com\/pl\/","title":{"rendered":"Home"},"content":{"rendered":"\t\t<div data-elementor-type=\"wp-page\" data-elementor-id=\"530\" class=\"elementor elementor-530 elementor-5\" data-elementor-post-type=\"page\">\n\t\t\t\t<div data-dce-background-color=\"rgba(32, 32, 32, 0.33)\" data-dce-background-overlay-color=\"rgba(32, 32, 32, 0.36)\" data-dce-background-image-url=\"https:\/\/www.saloodo.com\/wp-content\/uploads\/2023\/12\/home_background-1536x864-1.jpg\" data-dce-background-overlay-image-url=\"https:\/\/www.saloodo.com\/wp-content\/uploads\/2020\/04\/poweredby-dhl.png\" class=\"elementor-element elementor-element-299af0c e-con-full e-flex elementor-invisible e-con e-parent\" data-id=\"299af0c\" data-element_type=\"container\" data-e-type=\"container\" data-settings=\"{&quot;background_background&quot;:&quot;classic&quot;,&quot;motion_fx_motion_fx_scrolling&quot;:&quot;yes&quot;,&quot;animation&quot;:&quot;fadeIn&quot;,&quot;motion_fx_devices&quot;:[&quot;desktop&quot;,&quot;laptop&quot;,&quot;tablet&quot;,&quot;mobile&quot;]}\">\n\t\t\t\t<div class=\"elementor-element elementor-element-2075c1c elementor-widget elementor-widget-heading\" data-id=\"2075c1c\" data-element_type=\"widget\" data-e-type=\"widget\" data-widget_type=\"heading.default\">\n\t\t\t\t<div class=\"elementor-widget-container\">\n\t\t\t\t\t<h1 class=\"elementor-heading-title elementor-size-default\">We make logistics <b>fast. smart. reliable.<\/b><\/h1>\t\t\t\t<\/div>\n\t\t\t\t<\/div>\n\t\t\t\t<\/div>\n\t\t<div class=\"elementor-element elementor-element-755b8aa e-flex e-con-boxed e-con e-parent\" data-id=\"755b8aa\" data-element_type=\"container\" data-e-type=\"container\">\n\t\t\t\t\t<div class=\"e-con-inner\">\n\t\t<div class=\"elementor-element elementor-element-285ad1c e-con-full e-flex e-con e-child\" data-id=\"285ad1c\" data-element_type=\"container\" data-e-type=\"container\">\n\t\t\t\t<div data-dce-title-color=\"#3B3B3B\" class=\"elementor-element elementor-element-1ebe468 elementor-widget elementor-widget-heading\" data-id=\"1ebe468\" data-element_type=\"widget\" data-e-type=\"widget\" data-widget_type=\"heading.default\">\n\t\t\t\t<div class=\"elementor-widget-container\">\n\t\t\t\t\t<h2 class=\"elementor-heading-title elementor-size-default\">Prosz\u0119 wybra\u0107 region<\/h2>\t\t\t\t<\/div>\n\t\t\t\t<\/div>\n\t\t\t\t<\/div>\n\t\t<div class=\"theplus-equal-height elementor-element elementor-element-82c5e76 e-con-full e-flex e-con e-child\" data-tp-equal-height-loadded=\".plus-pricing-table\" data-id=\"82c5e76\" data-element_type=\"container\" data-e-type=\"container\">\n\t\t\t\t<div class=\"theplus-equal-height elementor-element elementor-element-407277b elementor-widget__width-inherit elementor-widget elementor-widget-tp-pricing-table\" data-tp-equal-height-loadded=\".plus-pricing-table\" data-dce-title-color=\"#313131\" data-id=\"407277b\" data-element_type=\"widget\" data-e-type=\"widget\" data-widget_type=\"tp-pricing-table.default\">\n\t\t\t\t<div class=\"elementor-widget-container\">\n\t\t\t\t\t<div id=\"plus-pricing-table\" class=\"plus-pricing-table pricing-style-2 hover_normal \" ><div class=\"pricing-table-inner \"><div class=\"pricing-title-content style-1\"><div class=\"pricing-title-wrap\"><div class=\"pricing-title\">Bliski Wsch\u00f3d i Afryka<\/div><\/div><\/div><div class=\"pricing-price-wrap style-1\"><span class=\"pricing-price\"><\/span><span class=\"price-postfix-text\">Saloodo! jest Pa\u0144stwa cyfrowym specjalist\u0105 w zakresie spedycji, oferuj\u0105cym szeroki zakres korzystnych opcji transportowych dla organizacji poszukuj\u0105cych niezawodnych us\u0142ug transportowych. Prosz\u0119 pozna\u0107 nasz zasi\u0119g w MEA!<\/span><\/div><div class=\"pt-plus-button-wrapper\"><div class=\"button_parallax\"><div id=\"btn69f744aaf023f\" class=\"ts-button\"><div class=\"pt_plus_button btn69f744aaf023f button-style-8 \"><div class=\"animted-content-inner\"><a href=\"https:\/\/www.saloodo.com\/mea\/\" class=\"button-link-wrap\" role=\"button\">Statek z Saloodo!<\/a><\/div><\/div><\/div><\/div><\/div><div class=\"pricing-cta-text\"><p style=\"text-align: left\">Je\u015bli s\u0105 Pa\u0144stwo klientami DGF i maj\u0105 jakiekolwiek pytania dotycz\u0105ce faktur lub przetwarzania przez nas Pa\u0144stwa danych, lub je\u015bli s\u0105 Pa\u0144stwo przewo\u017anikiem poszukuj\u0105cym dodatkowej dzia\u0142alno\u015bci, prosimy o kontakt <a href=\"https:\/\/www.saloodo.com\/pl\/contact-us\/\"><strong>tutaj<\/strong><\/a>.<\/p><\/div><div class=\"pricing-overlay-color \"><\/div><\/div><\/div>\t\t\t\t<\/div>\n\t\t\t\t<\/div>\n\t\t\t\t<div class=\"theplus-equal-height elementor-element elementor-element-895caa9 elementor-widget__width-inherit elementor-widget elementor-widget-tp-pricing-table\" data-tp-equal-height-loadded=\".plus-pricing-table\" data-dce-title-color=\"#313131\" data-id=\"895caa9\" data-element_type=\"widget\" data-e-type=\"widget\" data-widget_type=\"tp-pricing-table.default\">\n\t\t\t\t<div class=\"elementor-widget-container\">\n\t\t\t\t\t<div id=\"plus-pricing-table\" class=\"plus-pricing-table pricing-style-2 hover_normal \" ><div class=\"pricing-table-inner \"><div class=\"pricing-title-content style-1\"><div class=\"pricing-title-wrap\"><div class=\"pricing-title\">Europa<\/div><\/div><\/div><div class=\"pricing-price-wrap style-1\"><span class=\"pricing-price\"><\/span><span class=\"price-postfix-text\">Z przykro\u015bci\u0105 informujemy Pa\u0144stwa, \u017ce zaprzestali\u015bmy \u015bwiadczenia naszych us\u0142ug w Europie. Zalecamy nadawcom w Europie korzystanie z narz\u0119dzia do wyceny frachtu DHL Freight w celu szybkiej i cyfrowej rezerwacji przesy\u0142ek.<\/span><\/div><div class=\"pt-plus-button-wrapper\"><div class=\"button_parallax\"><div id=\"btn69f744aaf09e2\" class=\"ts-button\"><div class=\"pt_plus_button btn69f744aaf09e2 button-style-8 \"><div class=\"animted-content-inner\"><a href=\"https:\/\/www.dhl.com\/global-en\/home\/our-divisions\/freight\/freight-quote\/fqt.html?cid=organic-referrer_Ju5LVC\" target=\"_blank\" class=\"button-link-wrap\" role=\"button\">Wysy\u0142ka z DHL<\/a><\/div><\/div><\/div><\/div><\/div><div class=\"pricing-cta-text\"><p style=\"text-align: left\">Je\u015bli s\u0105 Pa\u0144stwo klientami Saloodo! i maj\u0105 jakiekolwiek pytania dotycz\u0105ce faktur lub przetwarzania przez nas Pa\u0144stwa danych, prosimy o kontakt <a href=\"https:\/\/www.saloodo.com\/pl\/contact-us\/\"><strong>tutaj<\/strong><\/a>.<\/p><p style=\"text-align: left\">Je\u015bli s\u0105 Pa\u0144stwo przewo\u017anikiem poszukuj\u0105cym dodatkowych mo\u017cliwo\u015bci biznesowych, prosimy o <a href=\"https:\/\/www.dhl.com\/de-en\/home\/freight\/become-a-dhl-freight-carrier.html\" target=\"_blank\" rel=\"noopener\"><strong>zg\u0142oszenie si\u0119 do wsp\u00f3\u0142pracy z DHL Freight<\/strong><\/a>.<\/p><p>\u00a0<\/p><\/div><div class=\"pricing-overlay-color \"><\/div><\/div><\/div>\t\t\t\t<\/div>\n\t\t\t\t<\/div>\n\t\t\t\t<\/div>\n\t\t\t\t\t<\/div>\n\t\t\t\t<\/div>\n\t\t<section data-dce-background-color=\"#F9F9F9\" class=\"elementor-element elementor-element-cc3426a e-con-full e-flex e-con e-parent\" data-id=\"cc3426a\" data-element_type=\"container\" data-e-type=\"container\" data-settings=\"{&quot;background_background&quot;:&quot;classic&quot;}\">\n\t\t<div class=\"elementor-element elementor-element-77aa332 e-con-full e-flex e-con e-child\" data-id=\"77aa332\" data-element_type=\"container\" data-e-type=\"container\">\n\t\t\t\t<div data-dce-title-color=\"#3B3B3B\" class=\"elementor-element elementor-element-321b951 elementor-widget elementor-widget-heading\" data-id=\"321b951\" data-element_type=\"widget\" data-e-type=\"widget\" data-widget_type=\"heading.default\">\n\t\t\t\t<div class=\"elementor-widget-container\">\n\t\t\t\t\t<h2 class=\"elementor-heading-title elementor-size-default\">Pa\u0144stwa eksperci ds. logistyki cyfrowej<\/h2>\t\t\t\t<\/div>\n\t\t\t\t<\/div>\n\t\t\t\t<div class=\"elementor-element elementor-element-30aa60e elementor-widget elementor-widget-text-editor\" data-id=\"30aa60e\" data-element_type=\"widget\" data-e-type=\"widget\" data-widget_type=\"text-editor.default\">\n\t\t\t\t<div class=\"elementor-widget-container\">\n\t\t\t\t\t\t\t\t\t<p>We combine the logistics know-how and infrastructure of a global player with the flexibility and digital competence of a start-up. Wi\u0119cej informacji znajd\u0105 Pa\u0144stwo na naszym blogu,<span class=\"inline-comment-marker valid\" data-ref=\"77fe081a-1691-4b2c-a389-3c0b34671a1a\"> w s\u0142owniku logistycznym i na naszych stronach informacyjnych<\/span>.<\/p>\n\t\t\t\t\t\t\t\t<\/div>\n\t\t\t\t<\/div>\n\t\t<div class=\"elementor-element elementor-element-44dc2a8 elementor-hidden-tablet e-flex e-con-boxed e-con e-child\" data-id=\"44dc2a8\" data-element_type=\"container\" data-e-type=\"container\">\n\t\t\t\t\t<div class=\"e-con-inner\">\n\t\t\t\t<div class=\"elementor-element elementor-element-72935c0 elementor-mobile-align-center elementor-align-left elementor-widget elementor-widget-button\" data-id=\"72935c0\" data-element_type=\"widget\" data-e-type=\"widget\" data-widget_type=\"button.default\">\n\t\t\t\t<div class=\"elementor-widget-container\">\n\t\t\t\t\t\t\t\t\t<div class=\"elementor-button-wrapper\">\n\t\t\t\t\t<a class=\"elementor-button elementor-button-link elementor-size-sm\" href=\"https:\/\/www.saloodo.com\/blog\/\">\n\t\t\t\t\t\t<span class=\"elementor-button-content-wrapper\">\n\t\t\t\t\t\t\t\t\t<span class=\"elementor-button-text\">Saloodo! Blog<\/span>\n\t\t\t\t\t<\/span>\n\t\t\t\t\t<\/a>\n\t\t\t\t<\/div>\n\t\t\t\t\t\t\t\t<\/div>\n\t\t\t\t<\/div>\n\t\t\t\t\t<\/div>\n\t\t\t\t<\/div>\n\t\t\t\t<\/div>\n\t\t<div class=\"elementor-element elementor-element-5be0dad e-con-full e-flex e-con e-child\" data-id=\"5be0dad\" data-element_type=\"container\" data-e-type=\"container\">\n\t\t<div class=\"elementor-element elementor-element-1ca90c6 elementor-hidden-phone e-con-full e-flex e-con e-child\" data-id=\"1ca90c6\" data-element_type=\"container\" data-e-type=\"container\">\n\t\t\t\t<div class=\"elementor-element elementor-element-d69a392 elementor--v-position-bottom elementor--h-position-left elementor-arrows-position-inside elementor-pagination-position-inside elementor-widget elementor-widget-slides\" data-id=\"d69a392\" data-element_type=\"widget\" data-e-type=\"widget\" data-settings=\"{&quot;navigation&quot;:&quot;both&quot;,&quot;autoplay&quot;:&quot;yes&quot;,&quot;pause_on_hover&quot;:&quot;yes&quot;,&quot;pause_on_interaction&quot;:&quot;yes&quot;,&quot;autoplay_speed&quot;:5000,&quot;infinite&quot;:&quot;yes&quot;,&quot;transition&quot;:&quot;slide&quot;,&quot;transition_speed&quot;:500}\" data-widget_type=\"slides.default\">\n\t\t\t\t<div class=\"elementor-widget-container\">\n\t\t\t\t\t\t\t\t\t<div class=\"elementor-swiper\">\n\t\t\t\t\t<div class=\"elementor-slides-wrapper elementor-main-swiper swiper\" role=\"region\" aria-roledescription=\"carousel\" aria-label=\"Slajdy\" dir=\"ltr\" data-animation=\"fadeInUp\">\n\t\t\t\t<div class=\"swiper-wrapper elementor-slides\">\n\t\t\t\t\t\t\t\t\t\t<div class=\"elementor-repeater-item-ca46c82 swiper-slide\" role=\"group\" aria-roledescription=\"slide\"><div class=\"swiper-slide-bg\" role=\"img\" aria-label=\"blog_background_home\"><\/div><div class=\"elementor-background-overlay\"><\/div><a class=\"swiper-slide-inner\" href=\"https:\/\/www.saloodo.com\/blog\/\"><div class=\"swiper-slide-contents\"><div class=\"elementor-slide-heading\">BLOG<\/div><\/div><\/a><\/div>\t\t\t\t<\/div>\n\t\t\t\t\t\t\t<\/div>\n\t\t\t\t<\/div>\n\t\t\t\t\t\t\t\t<\/div>\n\t\t\t\t<\/div>\n\t\t\t\t<\/div>\n\t\t\t\t<\/div>\n\t\t\t\t<\/section>\n\t\t\t\t<section data-dce-background-overlay-image-url=\"https:\/\/www.saloodo.com\/wp-content\/uploads\/2020\/05\/infinity_white.png\" class=\"elementor-section elementor-top-section elementor-element elementor-element-32db114 elementor-section-stretched elementor-hidden-phone elementor-section-full_width elementor-hidden-tablet elementor-section-height-default elementor-section-height-default\" data-id=\"32db114\" data-element_type=\"section\" data-e-type=\"section\" data-settings=\"{&quot;stretch_section&quot;:&quot;section-stretched&quot;,&quot;background_background&quot;:&quot;classic&quot;}\">\n\t\t\t\t\t\t\t<div class=\"elementor-background-overlay\"><\/div>\n\t\t\t\t\t\t\t<div class=\"elementor-container elementor-column-gap-default\">\n\t\t\t\t\t<div class=\"elementor-column elementor-col-100 elementor-top-column elementor-element elementor-element-3cc36d0\" data-id=\"3cc36d0\" data-element_type=\"column\" data-e-type=\"column\">\n\t\t\t<div class=\"elementor-widget-wrap elementor-element-populated\">\n\t\t\t\t\t\t<div data-dce-title-color=\"#3B3B3B\" class=\"elementor-element elementor-element-ae0f034 elementor-widget elementor-widget-heading\" data-id=\"ae0f034\" data-element_type=\"widget\" data-e-type=\"widget\" data-widget_type=\"heading.default\">\n\t\t\t\t<div class=\"elementor-widget-container\">\n\t\t\t\t\t<h3 class=\"elementor-heading-title elementor-size-default\">Maj\u0105 Pa\u0144stwo pytania?<\/h3>\t\t\t\t<\/div>\n\t\t\t\t<\/div>\n\t\t\t\t<div data-dce-background-color=\"#349AED\" class=\"elementor-element elementor-element-ffe0bd9 elementor-align-center elementor-mobile-align-center elementor-tablet-align-center elementor-widget elementor-widget-button\" data-id=\"ffe0bd9\" data-element_type=\"widget\" data-e-type=\"widget\" data-widget_type=\"button.default\">\n\t\t\t\t<div class=\"elementor-widget-container\">\n\t\t\t\t\t\t\t\t\t<div class=\"elementor-button-wrapper\">\n\t\t\t\t\t<a class=\"elementor-button elementor-button-link elementor-size-md elementor-animation-grow\" href=\"https:\/\/www.saloodo.com\/pl\/contact-us\/\">\n\t\t\t\t\t\t<span class=\"elementor-button-content-wrapper\">\n\t\t\t\t\t\t\t\t\t<span class=\"elementor-button-text\">Prosz\u0119 si\u0119 z nami skontaktowa\u0107!<\/span>\n\t\t\t\t\t<\/span>\n\t\t\t\t\t<\/a>\n\t\t\t\t<\/div>\n\t\t\t\t\t\t\t\t<\/div>\n\t\t\t\t<\/div>\n\t\t\t\t\t<\/div>\n\t\t<\/div>\n\t\t\t\t\t<\/div>\n\t\t<\/section>\n\t\t\t\t<\/div>\n\t\t","protected":false},"excerpt":{"rendered":"<p>We make logistics fast. smart. reliable. Prosz\u0119 wybra\u0107 region Bliski Wsch\u00f3d i AfrykaSaloodo! jest Pa\u0144stwa cyfrowym specjalist\u0105 w zakresie spedycji, oferuj\u0105cym szeroki zakres korzystnych opcji transportowych dla organizacji poszukuj\u0105cych niezawodnych us\u0142ug transportowych. Prosz\u0119 pozna\u0107 nasz zasi\u0119g w MEA!Statek z Saloodo! Je\u015bli s\u0105 Pa\u0144stwo klientami DGF i maj\u0105 jakiekolwiek pytania dotycz\u0105ce faktur lub przetwarzania przez nas [&hellip;]<\/p>\n","protected":false},"author":4,"featured_media":32024,"parent":0,"menu_order":0,"comment_status":"closed","ping_status":"closed","template":"","meta":{"_acf_changed":false,"footnotes":""},"page-tags":[],"class_list":["post-530","page","type-page","status-publish","has-post-thumbnail","hentry"],"acf":[],"_links":{"self":[{"href":"https:\/\/www.saloodo.com\/pl\/wp-json\/wp\/v2\/pages\/530","targetHints":{"allow":["GET"]}}],"collection":[{"href":"https:\/\/www.saloodo.com\/pl\/wp-json\/wp\/v2\/pages"}],"about":[{"href":"https:\/\/www.saloodo.com\/pl\/wp-json\/wp\/v2\/types\/page"}],"author":[{"embeddable":true,"href":"https:\/\/www.saloodo.com\/pl\/wp-json\/wp\/v2\/users\/4"}],"replies":[{"embeddable":true,"href":"https:\/\/www.saloodo.com\/pl\/wp-json\/wp\/v2\/comments?post=530"}],"version-history":[{"count":111,"href":"https:\/\/www.saloodo.com\/pl\/wp-json\/wp\/v2\/pages\/530\/revisions"}],"predecessor-version":[{"id":214354,"href":"https:\/\/www.saloodo.com\/pl\/wp-json\/wp\/v2\/pages\/530\/revisions\/214354"}],"wp:featuredmedia":[{"embeddable":true,"href":"https:\/\/www.saloodo.com\/pl\/wp-json\/wp\/v2\/media\/32024"}],"wp:attachment":[{"href":"https:\/\/www.saloodo.com\/pl\/wp-json\/wp\/v2\/media?parent=530"}],"wp:term":[{"taxonomy":"page-tags","embeddable":true,"href":"https:\/\/www.saloodo.com\/pl\/wp-json\/wp\/v2\/page-tags?post=530"}],"curies":[{"name":"wp","href":"https:\/\/api.w.org\/{rel}","templated":true}]}}