{"id":49986,"date":"2021-02-22T13:44:18","date_gmt":"2021-02-22T12:44:18","guid":{"rendered":"https:\/\/www.saloodo.com\/damga\/"},"modified":"2024-06-04T10:34:40","modified_gmt":"2024-06-04T08:34:40","slug":"damga","status":"publish","type":"page","link":"https:\/\/www.saloodo.com\/tr\/damga\/","title":{"rendered":"Damga"},"content":{"rendered":"\t\t<div data-elementor-type=\"wp-page\" data-elementor-id=\"49986\" class=\"elementor elementor-49986 elementor-1651\" data-elementor-post-type=\"page\">\n\t\t\t\t\t\t<section data-dce-background-color=\"#FFFFFF\" data-dce-background-overlay-color=\"rgba(0, 0, 0, 0.36)\" data-dce-background-image-url=\"https:\/\/www.saloodo.com\/wp-content\/uploads\/2018\/09\/imprint.jpg\" class=\"elementor-section elementor-top-section elementor-element elementor-element-7dd1d15 elementor-section-stretched elementor-section-full_width elementor-section-height-min-height elementor-section-height-default elementor-section-items-middle\" data-id=\"7dd1d15\" data-element_type=\"section\" data-e-type=\"section\" data-settings=\"{&quot;stretch_section&quot;:&quot;section-stretched&quot;,&quot;background_background&quot;:&quot;classic&quot;}\">\n\t\t\t\t\t\t\t<div class=\"elementor-background-overlay\"><\/div>\n\t\t\t\t\t\t\t<div class=\"elementor-container elementor-column-gap-default\">\n\t\t\t\t\t<div class=\"elementor-column elementor-col-100 elementor-top-column elementor-element elementor-element-37baf5e3\" data-id=\"37baf5e3\" data-element_type=\"column\" data-e-type=\"column\">\n\t\t\t<div class=\"elementor-widget-wrap elementor-element-populated\">\n\t\t\t\t\t\t<div data-dce-title-color=\"#FFFFFF\" class=\"elementor-element elementor-element-3ac6a52c elementor-widget elementor-widget-heading\" data-id=\"3ac6a52c\" data-element_type=\"widget\" data-e-type=\"widget\" data-widget_type=\"heading.default\">\n\t\t\t\t<div class=\"elementor-widget-container\">\n\t\t\t\t\t<h1 class=\"elementor-heading-title elementor-size-default\">Damga<\/h1>\t\t\t\t<\/div>\n\t\t\t\t<\/div>\n\t\t\t\t\t<\/div>\n\t\t<\/div>\n\t\t\t\t\t<\/div>\n\t\t<\/section>\n\t\t\t\t<section data-dce-background-color=\"#FFFFFF\" class=\"elementor-section elementor-top-section elementor-element elementor-element-3791eeb3 elementor-section-stretched elementor-section-boxed elementor-section-height-default elementor-section-height-default\" data-id=\"3791eeb3\" data-element_type=\"section\" data-e-type=\"section\" data-settings=\"{&quot;stretch_section&quot;:&quot;section-stretched&quot;,&quot;background_background&quot;:&quot;classic&quot;}\">\n\t\t\t\t\t\t<div class=\"elementor-container elementor-column-gap-default\">\n\t\t\t\t\t<div class=\"elementor-column elementor-col-100 elementor-top-column elementor-element elementor-element-f331005\" data-id=\"f331005\" data-element_type=\"column\" data-e-type=\"column\">\n\t\t\t<div class=\"elementor-widget-wrap elementor-element-populated\">\n\t\t\t\t\t\t<div data-dce-title-color=\"#3B3B3B\" class=\"elementor-element elementor-element-4a3d752d elementor-widget elementor-widget-heading\" data-id=\"4a3d752d\" data-element_type=\"widget\" data-e-type=\"widget\" data-widget_type=\"heading.default\">\n\t\t\t\t<div class=\"elementor-widget-container\">\n\t\t\t\t\t<h2 class=\"elementor-heading-title elementor-size-default\">Yasal Uyar\u0131<\/h2>\t\t\t\t<\/div>\n\t\t\t\t<\/div>\n\t\t\t\t<section class=\"elementor-section elementor-inner-section elementor-element elementor-element-56feedab elementor-section-content-top elementor-section-boxed elementor-section-height-default elementor-section-height-default\" data-id=\"56feedab\" data-element_type=\"section\" data-e-type=\"section\">\n\t\t\t\t\t\t<div class=\"elementor-container elementor-column-gap-default\">\n\t\t\t\t\t<div class=\"elementor-column elementor-col-33 elementor-inner-column elementor-element elementor-element-4b17e347\" data-id=\"4b17e347\" data-element_type=\"column\" data-e-type=\"column\">\n\t\t\t<div class=\"elementor-widget-wrap elementor-element-populated\">\n\t\t\t\t\t\t<div data-dce-title-color=\"#3B3B3B\" class=\"elementor-element elementor-element-04e0f60 elementor-widget elementor-widget-heading\" data-id=\"04e0f60\" data-element_type=\"widget\" data-e-type=\"widget\" data-widget_type=\"heading.default\">\n\t\t\t\t<div class=\"elementor-widget-container\">\n\t\t\t\t\t<h3 class=\"elementor-heading-title elementor-size-default\">Avrupa<\/h3>\t\t\t\t<\/div>\n\t\t\t\t<\/div>\n\t\t\t\t\t<\/div>\n\t\t<\/div>\n\t\t\t\t<div class=\"elementor-column elementor-col-33 elementor-inner-column elementor-element elementor-element-7bf44ba3\" data-id=\"7bf44ba3\" data-element_type=\"column\" data-e-type=\"column\">\n\t\t\t<div class=\"elementor-widget-wrap elementor-element-populated\">\n\t\t\t\t\t\t<div data-dce-text-color=\"#6F6F6F\" class=\"elementor-element elementor-element-a734197 elementor-widget elementor-widget-text-editor\" data-id=\"a734197\" data-element_type=\"widget\" data-e-type=\"widget\" data-widget_type=\"text-editor.default\">\n\t\t\t\t<div class=\"elementor-widget-container\">\n\t\t\t\t\t\t\t\t\t<p style=\"text-align: left;\">Saloodo! GmbH\nSiegburger Str. 191-193\n50679 K\u00f6ln, Almanya\nTelefon: +49 221 989 39 222\n<a href=\"mailto:support@saloodo.com\">support@saloodo.com<\/a><\/p>\t\t\t\t\t\t\t\t<\/div>\n\t\t\t\t<\/div>\n\t\t\t\t\t<\/div>\n\t\t<\/div>\n\t\t\t\t<div class=\"elementor-column elementor-col-33 elementor-inner-column elementor-element elementor-element-5543b5c3\" data-id=\"5543b5c3\" data-element_type=\"column\" data-e-type=\"column\">\n\t\t\t<div class=\"elementor-widget-wrap elementor-element-populated\">\n\t\t\t\t\t\t<div data-dce-text-color=\"#6F6F6F\" class=\"elementor-element elementor-element-c97f22d elementor-widget elementor-widget-text-editor\" data-id=\"c97f22d\" data-element_type=\"widget\" data-e-type=\"widget\" data-widget_type=\"text-editor.default\">\n\t\t\t\t<div class=\"elementor-widget-container\">\n\t\t\t\t\t\t\t\t\t<p style=\"text-align: left;\">Ticaret Sicil Numaras\u0131:\nKay\u0131t mahkemesi Bonn; HRB 22616 <br>\nVergi numaras\u0131: DE 309 295 858<\/p>\t\t\t\t\t\t\t\t<\/div>\n\t\t\t\t<\/div>\n\t\t\t\t\t<\/div>\n\t\t<\/div>\n\t\t\t\t\t<\/div>\n\t\t<\/section>\n\t\t\t\t<section class=\"elementor-section elementor-inner-section elementor-element elementor-element-39d3f343 elementor-section-content-top elementor-section-boxed elementor-section-height-default elementor-section-height-default\" data-id=\"39d3f343\" data-element_type=\"section\" data-e-type=\"section\">\n\t\t\t\t\t\t<div class=\"elementor-container elementor-column-gap-default\">\n\t\t\t\t\t<div class=\"elementor-column elementor-col-33 elementor-inner-column elementor-element elementor-element-5694ffba\" data-id=\"5694ffba\" data-element_type=\"column\" data-e-type=\"column\">\n\t\t\t<div class=\"elementor-widget-wrap elementor-element-populated\">\n\t\t\t\t\t\t<div data-dce-title-color=\"#3B3B3B\" class=\"elementor-element elementor-element-31fca70 elementor-widget elementor-widget-heading\" data-id=\"31fca70\" data-element_type=\"widget\" data-e-type=\"widget\" data-widget_type=\"heading.default\">\n\t\t\t\t<div class=\"elementor-widget-container\">\n\t\t\t\t\t<h3 class=\"elementor-heading-title elementor-size-default\">Orta Do\u011fu &amp; Afrika<\/h3>\t\t\t\t<\/div>\n\t\t\t\t<\/div>\n\t\t\t\t\t<\/div>\n\t\t<\/div>\n\t\t\t\t<div class=\"elementor-column elementor-col-33 elementor-inner-column elementor-element elementor-element-677b420d\" data-id=\"677b420d\" data-element_type=\"column\" data-e-type=\"column\">\n\t\t\t<div class=\"elementor-widget-wrap elementor-element-populated\">\n\t\t\t\t\t\t<div data-dce-text-color=\"#6F6F6F\" class=\"elementor-element elementor-element-2630cb0 elementor-widget elementor-widget-text-editor\" data-id=\"2630cb0\" data-element_type=\"widget\" data-e-type=\"widget\" data-widget_type=\"text-editor.default\">\n\t\t\t\t<div class=\"elementor-widget-container\">\n\t\t\t\t\t\t\t\t\t<p style=\"text-align: left;\">DHL Global Forwarding Abu Dhabi LLC\nInternational Airport Sky City Bldg.,\nP.O. Box 27066, Abu Dhabi, Birle\u015fik Arap Emirlikleri <br>\nTelefon: +97122016896\n<a href=\"mailto:mea@saloodo.com\">mea@saloodo.com<\/a><\/p>\t\t\t\t\t\t\t\t<\/div>\n\t\t\t\t<\/div>\n\t\t\t\t\t<\/div>\n\t\t<\/div>\n\t\t\t\t<div class=\"elementor-column elementor-col-33 elementor-inner-column elementor-element elementor-element-19517e76\" data-id=\"19517e76\" data-element_type=\"column\" data-e-type=\"column\">\n\t\t\t<div class=\"elementor-widget-wrap elementor-element-populated\">\n\t\t\t\t\t\t<div data-dce-text-color=\"#6F6F6F\" class=\"elementor-element elementor-element-881a1f3 elementor-widget elementor-widget-text-editor\" data-id=\"881a1f3\" data-element_type=\"widget\" data-e-type=\"widget\" data-widget_type=\"text-editor.default\">\n\t\t\t\t<div class=\"elementor-widget-container\">\n\t\t\t\t\t\t\t\t\t<p style=\"text-align: left;\">Ticaret Sicil Numaras\u0131:\nTRN: 100365910700003 ybrY\nTicaret lisans\u0131 CN-1033382<\/p>\t\t\t\t\t\t\t\t<\/div>\n\t\t\t\t<\/div>\n\t\t\t\t\t<\/div>\n\t\t<\/div>\n\t\t\t\t\t<\/div>\n\t\t<\/section>\n\t\t\t\t<section class=\"elementor-section elementor-inner-section elementor-element elementor-element-36a424c elementor-section-content-top elementor-section-boxed elementor-section-height-default elementor-section-height-default\" data-id=\"36a424c\" data-element_type=\"section\" data-e-type=\"section\">\n\t\t\t\t\t\t<div class=\"elementor-container elementor-column-gap-default\">\n\t\t\t\t\t<div class=\"elementor-column elementor-col-33 elementor-inner-column elementor-element elementor-element-5dd0d6c\" data-id=\"5dd0d6c\" data-element_type=\"column\" data-e-type=\"column\">\n\t\t\t<div class=\"elementor-widget-wrap elementor-element-populated\">\n\t\t\t\t\t\t<div data-dce-title-color=\"#3B3B3B\" class=\"elementor-element elementor-element-01a10cd elementor-widget elementor-widget-heading\" data-id=\"01a10cd\" data-element_type=\"widget\" data-e-type=\"widget\" data-widget_type=\"heading.default\">\n\t\t\t\t<div class=\"elementor-widget-container\">\n\t\t\t\t\t<h3 class=\"elementor-heading-title elementor-size-default\">Arjantin<\/h3>\t\t\t\t<\/div>\n\t\t\t\t<\/div>\n\t\t\t\t\t<\/div>\n\t\t<\/div>\n\t\t\t\t<div class=\"elementor-column elementor-col-33 elementor-inner-column elementor-element elementor-element-ce20552\" data-id=\"ce20552\" data-element_type=\"column\" data-e-type=\"column\">\n\t\t\t<div class=\"elementor-widget-wrap elementor-element-populated\">\n\t\t\t\t\t\t<div data-dce-text-color=\"#6F6F6F\" class=\"elementor-element elementor-element-e57b9e5 elementor-widget elementor-widget-text-editor\" data-id=\"e57b9e5\" data-element_type=\"widget\" data-e-type=\"widget\" data-widget_type=\"text-editor.default\">\n\t\t\t\t<div class=\"elementor-widget-container\">\n\t\t\t\t\t\t\t\t\tDHL Global Forwarding (Argentinia) S.A.\nCarlos M. Della Paolera 265 \u2013 1\u00b0 piso \u2013 CABA\nC1072 AAH, Ciudad Aut\u00f3noma de Buenos Aires &#8211; Arjantin\nTelefon: +54 (11) 5530-0345\n<p style=\"text-align: left;\"><a href=\"mailto:argentina@saloodo.com\">argentina@saloodo.com<\/a><\/p>\t\t\t\t\t\t\t\t<\/div>\n\t\t\t\t<\/div>\n\t\t\t\t\t<\/div>\n\t\t<\/div>\n\t\t\t\t<div class=\"elementor-column elementor-col-33 elementor-inner-column elementor-element elementor-element-aa46d50\" data-id=\"aa46d50\" data-element_type=\"column\" data-e-type=\"column\">\n\t\t\t<div class=\"elementor-widget-wrap elementor-element-populated\">\n\t\t\t\t\t\t<div data-dce-text-color=\"#6F6F6F\" class=\"elementor-element elementor-element-cbe3650 elementor-widget elementor-widget-text-editor\" data-id=\"cbe3650\" data-element_type=\"widget\" data-e-type=\"widget\" data-widget_type=\"text-editor.default\">\n\t\t\t\t<div class=\"elementor-widget-container\">\n\t\t\t\t\t\t\t\t\t<p style=\"text-align: left;\">Ticaret Sicil Numaras\u0131:\nCUIT 30-58471593-2<\/p>\t\t\t\t\t\t\t\t<\/div>\n\t\t\t\t<\/div>\n\t\t\t\t\t<\/div>\n\t\t<\/div>\n\t\t\t\t\t<\/div>\n\t\t<\/section>\n\t\t\t\t<section class=\"elementor-section elementor-inner-section elementor-element elementor-element-f1e3ccd elementor-section-content-top elementor-section-boxed elementor-section-height-default elementor-section-height-default\" data-id=\"f1e3ccd\" data-element_type=\"section\" data-e-type=\"section\">\n\t\t\t\t\t\t<div class=\"elementor-container elementor-column-gap-default\">\n\t\t\t\t\t<div class=\"elementor-column elementor-col-33 elementor-inner-column elementor-element elementor-element-c1f2b08\" data-id=\"c1f2b08\" data-element_type=\"column\" data-e-type=\"column\">\n\t\t\t<div class=\"elementor-widget-wrap elementor-element-populated\">\n\t\t\t\t\t\t<div data-dce-title-color=\"#3B3B3B\" class=\"elementor-element elementor-element-2f10403 elementor-widget elementor-widget-heading\" data-id=\"2f10403\" data-element_type=\"widget\" data-e-type=\"widget\" data-widget_type=\"heading.default\">\n\t\t\t\t<div class=\"elementor-widget-container\">\n\t\t\t\t\t<h3 class=\"elementor-heading-title elementor-size-default\">T\u00fcrkiye<\/h3>\t\t\t\t<\/div>\n\t\t\t\t<\/div>\n\t\t\t\t\t<\/div>\n\t\t<\/div>\n\t\t\t\t<div class=\"elementor-column elementor-col-33 elementor-inner-column elementor-element elementor-element-839726d\" data-id=\"839726d\" data-element_type=\"column\" data-e-type=\"column\">\n\t\t\t<div class=\"elementor-widget-wrap elementor-element-populated\">\n\t\t\t\t\t\t<div data-dce-text-color=\"#6F6F6F\" class=\"elementor-element elementor-element-d6c7f0f elementor-widget elementor-widget-text-editor\" data-id=\"d6c7f0f\" data-element_type=\"widget\" data-e-type=\"widget\" data-widget_type=\"text-editor.default\">\n\t\t\t\t<div class=\"elementor-widget-container\">\n\t\t\t\t\t\t\t\t\t<p>DHL Freight Ta\u015f\u0131mac\u0131l\u0131k ve Lojistik Hizmetleri A.\u015e.<\/p><p>Atat\u00fcrk Mah.<br \/>\u0130kitelli Cad. No:178\/A-1,<br \/>34303, K\u00fc\u00e7\u00fck\u00e7ekmece<br \/>\u0130stanbul, T\u00fcrkiye<br \/>Telefon: +90 850 399 6378<\/p><p style=\"text-align: left;\"><a href=\"mailto:turkey@saloodo.com\">turkey@saloodo.com<\/a><\/p>\t\t\t\t\t\t\t\t<\/div>\n\t\t\t\t<\/div>\n\t\t\t\t\t<\/div>\n\t\t<\/div>\n\t\t\t\t<div class=\"elementor-column elementor-col-33 elementor-inner-column elementor-element elementor-element-c53f4f2\" data-id=\"c53f4f2\" data-element_type=\"column\" data-e-type=\"column\">\n\t\t\t<div class=\"elementor-widget-wrap elementor-element-populated\">\n\t\t\t\t\t\t<div data-dce-text-color=\"#6F6F6F\" class=\"elementor-element elementor-element-3420ea4 elementor-widget elementor-widget-text-editor\" data-id=\"3420ea4\" data-element_type=\"widget\" data-e-type=\"widget\" data-widget_type=\"text-editor.default\">\n\t\t\t\t<div class=\"elementor-widget-container\">\n\t\t\t\t\t\t\t\t\t<p style=\"text-align: left;\">Ticari Sicil No: 77095\/5<br \/>Mersis Number: 0295052807200001<br \/>Vergi Dairesi: Halkal\u0131<br \/>Vergi No: 295 052 8072<\/p>\t\t\t\t\t\t\t\t<\/div>\n\t\t\t\t<\/div>\n\t\t\t\t\t<\/div>\n\t\t<\/div>\n\t\t\t\t\t<\/div>\n\t\t<\/section>\n\t\t\t\t\t<\/div>\n\t\t<\/div>\n\t\t\t\t\t<\/div>\n\t\t<\/section>\n\t\t\t\t<section data-dce-background-color=\"#FFFFFF\" class=\"elementor-section elementor-top-section elementor-element elementor-element-234a489e elementor-section-stretched elementor-section-content-top elementor-section-boxed elementor-section-height-default elementor-section-height-default\" data-id=\"234a489e\" data-element_type=\"section\" data-e-type=\"section\" data-settings=\"{&quot;stretch_section&quot;:&quot;section-stretched&quot;,&quot;background_background&quot;:&quot;classic&quot;}\">\n\t\t\t\t\t\t<div class=\"elementor-container elementor-column-gap-default\">\n\t\t\t\t\t<div class=\"elementor-column elementor-col-100 elementor-top-column elementor-element elementor-element-63fffbf\" data-id=\"63fffbf\" data-element_type=\"column\" data-e-type=\"column\">\n\t\t\t<div class=\"elementor-widget-wrap elementor-element-populated\">\n\t\t\t\t\t\t<div data-dce-title-color=\"#3B3B3B\" class=\"elementor-element elementor-element-39ea324 elementor-widget elementor-widget-heading\" data-id=\"39ea324\" data-element_type=\"widget\" data-e-type=\"widget\" data-widget_type=\"heading.default\">\n\t\t\t\t<div class=\"elementor-widget-container\">\n\t\t\t\t\t<p class=\"elementor-heading-title elementor-size-default\">Saloodo! DHL Group'un bir yan kurulu\u015fudur.<\/p>\t\t\t\t<\/div>\n\t\t\t\t<\/div>\n\t\t\t\t<div data-dce-text-color=\"#6F6F6F\" class=\"elementor-element elementor-element-b781ce2 elementor-widget elementor-widget-text-editor\" data-id=\"b781ce2\" data-element_type=\"widget\" data-e-type=\"widget\" data-widget_type=\"text-editor.default\">\n\t\t\t\t<div class=\"elementor-widget-container\">\n\t\t\t\t\t\t\t\t\t<p style=\"text-align: center;\">Genel M\u00fcd\u00fcrler taraf\u0131ndan temsil edilir:<br>Dr. Antje Huber<br>Anja Kappus<br>Ibrahim Katrji<br>Dr. Alessio J.G. Brown<br><\/p>\t\t\t\t\t\t\t\t<\/div>\n\t\t\t\t<\/div>\n\t\t\t\t\t<\/div>\n\t\t<\/div>\n\t\t\t\t\t<\/div>\n\t\t<\/section>\n\t\t\t\t<\/div>\n\t\t","protected":false},"excerpt":{"rendered":"<p>Damga Yasal Uyar\u0131 Avrupa Saloodo! GmbH Siegburger Str. 191-193 50679 K\u00f6ln, Almanya Telefon: +49 221 989 39 222 support@saloodo.com Ticaret Sicil Numaras\u0131: Kay\u0131t mahkemesi Bonn; HRB 22616 Vergi numaras\u0131: DE 309 295 858 Orta Do\u011fu &#038; Afrika DHL Global Forwarding Abu Dhabi LLC International Airport Sky City Bldg., P.O. Box 27066, Abu Dhabi, Birle\u015fik Arap [&hellip;]<\/p>\n","protected":false},"author":4,"featured_media":0,"parent":0,"menu_order":0,"comment_status":"closed","ping_status":"closed","template":"","meta":{"_acf_changed":false,"footnotes":""},"page-tags":[],"class_list":["post-49986","page","type-page","status-publish","hentry"],"acf":[],"_links":{"self":[{"href":"https:\/\/www.saloodo.com\/tr\/wp-json\/wp\/v2\/pages\/49986","targetHints":{"allow":["GET"]}}],"collection":[{"href":"https:\/\/www.saloodo.com\/tr\/wp-json\/wp\/v2\/pages"}],"about":[{"href":"https:\/\/www.saloodo.com\/tr\/wp-json\/wp\/v2\/types\/page"}],"author":[{"embeddable":true,"href":"https:\/\/www.saloodo.com\/tr\/wp-json\/wp\/v2\/users\/4"}],"replies":[{"embeddable":true,"href":"https:\/\/www.saloodo.com\/tr\/wp-json\/wp\/v2\/comments?post=49986"}],"version-history":[{"count":38,"href":"https:\/\/www.saloodo.com\/tr\/wp-json\/wp\/v2\/pages\/49986\/revisions"}],"predecessor-version":[{"id":213498,"href":"https:\/\/www.saloodo.com\/tr\/wp-json\/wp\/v2\/pages\/49986\/revisions\/213498"}],"wp:attachment":[{"href":"https:\/\/www.saloodo.com\/tr\/wp-json\/wp\/v2\/media?parent=49986"}],"wp:term":[{"taxonomy":"page-tags","embeddable":true,"href":"https:\/\/www.saloodo.com\/tr\/wp-json\/wp\/v2\/page-tags?post=49986"}],"curies":[{"name":"wp","href":"https:\/\/api.w.org\/{rel}","templated":true}]}}