{"id":49993,"date":"2021-02-22T13:58:18","date_gmt":"2021-02-22T12:58:18","guid":{"rendered":"https:\/\/www.saloodo.com\/sartlar-ve-kosullar\/"},"modified":"2023-11-17T13:11:08","modified_gmt":"2023-11-17T12:11:08","slug":"sartlar-ve-kosullar","status":"publish","type":"page","link":"https:\/\/www.saloodo.com\/tr\/sartlar-ve-kosullar\/","title":{"rendered":"\u015eartlar ve Ko\u015fullar"},"content":{"rendered":"\t\t<div data-elementor-type=\"wp-page\" data-elementor-id=\"49993\" class=\"elementor elementor-49993 elementor-1149\" data-elementor-post-type=\"page\">\n\t\t\t\t<div class=\"elementor-element elementor-element-9fbdb8f e-flex e-con-boxed e-con e-parent\" data-id=\"9fbdb8f\" data-element_type=\"container\" data-e-type=\"container\" data-settings=\"{&quot;background_background&quot;:&quot;classic&quot;}\">\n\t\t\t\t\t<div class=\"e-con-inner\">\n\t\t<div class=\"elementor-element elementor-element-4c22ddd e-con-full e-flex e-con e-child\" data-id=\"4c22ddd\" data-element_type=\"container\" data-e-type=\"container\">\n\t\t\t\t<div data-dce-title-color=\"#3B3B3B\" class=\"elementor-element elementor-element-e761466 elementor-widget elementor-widget-heading\" data-id=\"e761466\" data-element_type=\"widget\" data-e-type=\"widget\" data-widget_type=\"heading.default\">\n\t\t\t\t<div class=\"elementor-widget-container\">\n\t\t\t\t\t<h1 class=\"elementor-heading-title elementor-size-default\">\u015eartlar ve Ko\u015fullar<\/h1>\t\t\t\t<\/div>\n\t\t\t\t<\/div>\n\t\t\t\t<\/div>\n\t\t\t\t\t<\/div>\n\t\t\t\t<\/div>\n\t\t<div class=\"elementor-element elementor-element-3837a60 e-flex e-con-boxed e-con e-parent\" data-id=\"3837a60\" data-element_type=\"container\" data-e-type=\"container\" data-settings=\"{&quot;background_background&quot;:&quot;classic&quot;}\">\n\t\t\t\t\t<div class=\"e-con-inner\">\n\t\t<div class=\"elementor-element elementor-element-c983424 e-con-full e-flex e-con e-child\" data-id=\"c983424\" data-element_type=\"container\" data-e-type=\"container\">\n\t\t\t\t<div class=\"elementor-element elementor-element-912f18c elementor-widget elementor-widget-text-editor\" data-id=\"912f18c\" data-element_type=\"widget\" data-e-type=\"widget\" data-widget_type=\"text-editor.default\">\n\t\t\t\t<div class=\"elementor-widget-container\">\n\t\t\t\t\t\t\t\t\t<p>Saloodo! GmbH (bundan b\u00f6yle &#8220;Saloodo!&#8221; olarak an\u0131lacakt\u0131r) web sitesinde sa\u011flanan bilgileri s\u00fcrekli olarak kontrol eder ve g\u00fcnceller. Kapsaml\u0131 kontrollere ra\u011fmen, baz\u0131 veriler sitede yay\u0131nland\u0131ktan sonra de\u011fi\u015fmi\u015f olabilir. Bu nedenle \u015firket, sa\u011flanan bilgilerin g\u00fcncel, do\u011fru veya eksiksiz oldu\u011fu konusunda herhangi bir sorumluluk \u00fcstlenemez veya herhangi bir garanti veremez.<\/p><p>Ayn\u0131 durum, bir ki\u015finin k\u00f6pr\u00fclerle y\u00f6nlendirilebilece\u011fi di\u011fer t\u00fcm web sayfalar\u0131 i\u00e7in de ge\u00e7erlidir. Saloodo! bu t\u00fcr ba\u011flant\u0131lar arac\u0131l\u0131\u011f\u0131yla ula\u015f\u0131lan web sayfalar\u0131n\u0131n i\u00e7eri\u011finden sorumlu de\u011fildir.<\/p><p>Saloodo! web sitesinin i\u00e7eri\u011fi ve yap\u0131s\u0131 telif hakk\u0131 korumas\u0131 alt\u0131ndad\u0131r. Hi\u00e7bir bilgi veya veri, \u00f6zellikle metinler, bunlar\u0131n b\u00f6l\u00fcmleri veya resimler, Saloodo!&#8217;nun \u00f6nceden izni olmadan \u00e7o\u011falt\u0131lamaz.<\/p><p>BM K\u00fcresel \u0130lkeler S\u00f6zle\u015fmesi imzac\u0131s\u0131 ve PACI (D\u00fcnya Ekonomik Forumu Yolsuzlu\u011fa Kar\u015f\u0131 Ortakl\u0131k Giri\u015fimi) \u00fcyesi olan DPDHL Grubu ile ayn\u0131 uyum ve i\u015f eti\u011fi standartlar\u0131n\u0131 benimsemektedir. Saloodo! GmbH&#8217;nin sorumlu i\u015f uygulamalar\u0131na olan ba\u011fl\u0131l\u0131\u011f\u0131, Deutsche Post DHL&#8217;in &#8220;Davran\u0131\u015f Kurallar\u0131&#8221; ve &#8220;Yolsuzlukla M\u00fccadele ve \u0130\u015f Eti\u011fi Politikas\u0131 &#8220;nda yer almaktad\u0131r.<\/p>\t\t\t\t\t\t\t\t<\/div>\n\t\t\t\t<\/div>\n\t\t<div class=\"elementor-element elementor-element-69e54c6 e-con-full e-flex e-con e-child\" data-id=\"69e54c6\" data-element_type=\"container\" data-e-type=\"container\">\n\t\t<div class=\"elementor-element elementor-element-97f3bcf e-con-full e-flex e-con e-child\" data-id=\"97f3bcf\" data-element_type=\"container\" data-e-type=\"container\" data-settings=\"{&quot;background_background&quot;:&quot;classic&quot;}\">\n\t\t\t\t<div data-dce-title-color=\"#3B3B3B\" class=\"elementor-element elementor-element-1f0f2b3 elementor-widget elementor-widget-heading\" data-id=\"1f0f2b3\" data-element_type=\"widget\" data-e-type=\"widget\" data-widget_type=\"heading.default\">\n\t\t\t\t<div class=\"elementor-widget-container\">\n\t\t\t\t\t<h3 class=\"elementor-heading-title elementor-size-default\">Avrupa<\/h3>\t\t\t\t<\/div>\n\t\t\t\t<\/div>\n\t\t\t\t<div class=\"elementor-element elementor-element-72ed93f elementor-widget-divider--view-line elementor-widget elementor-widget-divider\" data-id=\"72ed93f\" data-element_type=\"widget\" data-e-type=\"widget\" data-widget_type=\"divider.default\">\n\t\t\t\t<div class=\"elementor-widget-container\">\n\t\t\t\t\t\t\t<div class=\"elementor-divider\">\n\t\t\t<span class=\"elementor-divider-separator\">\n\t\t\t\t\t\t<\/span>\n\t\t<\/div>\n\t\t\t\t\t\t<\/div>\n\t\t\t\t<\/div>\n\t\t\t\t<div class=\"elementor-element elementor-element-1bba00e elementor-align-center elementor-mobile-align-center elementor-widget elementor-widget-button\" data-id=\"1bba00e\" data-element_type=\"widget\" data-e-type=\"widget\" data-widget_type=\"button.default\">\n\t\t\t\t<div class=\"elementor-widget-container\">\n\t\t\t\t\t\t\t\t\t<div class=\"elementor-button-wrapper\">\n\t\t\t\t\t<a class=\"elementor-button elementor-button-link elementor-size-md\" href=\"https:\/\/www.saloodo.com\/terms-conditions\/shipper-eu\/\">\n\t\t\t\t\t\t<span class=\"elementor-button-content-wrapper\">\n\t\t\t\t\t\t\t\t\t<span class=\"elementor-button-text\"><b>G\u00f6ndericiler<\/b> i\u00e7in \u015eartlar ve Ko\u015fullara bak\u0131n<\/span>\n\t\t\t\t\t<\/span>\n\t\t\t\t\t<\/a>\n\t\t\t\t<\/div>\n\t\t\t\t\t\t\t\t<\/div>\n\t\t\t\t<\/div>\n\t\t\t\t<div class=\"elementor-element elementor-element-05bef92 elementor-align-center elementor-mobile-align-center elementor-widget elementor-widget-button\" data-id=\"05bef92\" data-element_type=\"widget\" data-e-type=\"widget\" data-widget_type=\"button.default\">\n\t\t\t\t<div class=\"elementor-widget-container\">\n\t\t\t\t\t\t\t\t\t<div class=\"elementor-button-wrapper\">\n\t\t\t\t\t<a class=\"elementor-button elementor-button-link elementor-size-md\" href=\"https:\/\/www.saloodo.com\/terms-conditions\/carrier-eu\/\">\n\t\t\t\t\t\t<span class=\"elementor-button-content-wrapper\">\n\t\t\t\t\t\t\t\t\t<span class=\"elementor-button-text\"><b>Operat\u00f6rler<\/b> i\u00e7in \u015eartlar ve Ko\u015fullara bak\u0131n<\/span>\n\t\t\t\t\t<\/span>\n\t\t\t\t\t<\/a>\n\t\t\t\t<\/div>\n\t\t\t\t\t\t\t\t<\/div>\n\t\t\t\t<\/div>\n\t\t\t\t<\/div>\n\t\t<div class=\"elementor-element elementor-element-7a0d546 e-flex e-con-boxed e-con e-child\" data-id=\"7a0d546\" data-element_type=\"container\" data-e-type=\"container\" data-settings=\"{&quot;background_background&quot;:&quot;classic&quot;}\">\n\t\t\t\t\t<div class=\"e-con-inner\">\n\t\t\t\t<div data-dce-title-color=\"#3B3B3B\" class=\"elementor-element elementor-element-5886b4d elementor-widget elementor-widget-heading\" data-id=\"5886b4d\" data-element_type=\"widget\" data-e-type=\"widget\" data-widget_type=\"heading.default\">\n\t\t\t\t<div class=\"elementor-widget-container\">\n\t\t\t\t\t<h3 class=\"elementor-heading-title elementor-size-default\">Orta Do\u011fu &amp; Afrika<\/h3>\t\t\t\t<\/div>\n\t\t\t\t<\/div>\n\t\t\t\t<div class=\"elementor-element elementor-element-ff5bcbe elementor-widget-divider--view-line elementor-widget elementor-widget-divider\" data-id=\"ff5bcbe\" data-element_type=\"widget\" data-e-type=\"widget\" data-widget_type=\"divider.default\">\n\t\t\t\t<div class=\"elementor-widget-container\">\n\t\t\t\t\t\t\t<div class=\"elementor-divider\">\n\t\t\t<span class=\"elementor-divider-separator\">\n\t\t\t\t\t\t<\/span>\n\t\t<\/div>\n\t\t\t\t\t\t<\/div>\n\t\t\t\t<\/div>\n\t\t\t\t<div class=\"elementor-element elementor-element-4bcb283 elementor-align-center elementor-mobile-align-center elementor-widget elementor-widget-button\" data-id=\"4bcb283\" data-element_type=\"widget\" data-e-type=\"widget\" data-widget_type=\"button.default\">\n\t\t\t\t<div class=\"elementor-widget-container\">\n\t\t\t\t\t\t\t\t\t<div class=\"elementor-button-wrapper\">\n\t\t\t\t\t<a class=\"elementor-button elementor-button-link elementor-size-md\" href=\"https:\/\/www.saloodo.com\/terms-conditions\/shipper-mea\/\">\n\t\t\t\t\t\t<span class=\"elementor-button-content-wrapper\">\n\t\t\t\t\t\t\t\t\t<span class=\"elementor-button-text\"><b>G\u00f6ndericiler<\/b> i\u00e7in \u015eartlar ve Ko\u015fullara bak\u0131n<\/span>\n\t\t\t\t\t<\/span>\n\t\t\t\t\t<\/a>\n\t\t\t\t<\/div>\n\t\t\t\t\t\t\t\t<\/div>\n\t\t\t\t<\/div>\n\t\t\t\t<div class=\"elementor-element elementor-element-0dc7595 elementor-align-center elementor-mobile-align-center elementor-widget elementor-widget-button\" data-id=\"0dc7595\" data-element_type=\"widget\" data-e-type=\"widget\" data-widget_type=\"button.default\">\n\t\t\t\t<div class=\"elementor-widget-container\">\n\t\t\t\t\t\t\t\t\t<div class=\"elementor-button-wrapper\">\n\t\t\t\t\t<a class=\"elementor-button elementor-button-link elementor-size-md\" href=\"https:\/\/www.saloodo.com\/terms-conditions\/carrier-mea\/\">\n\t\t\t\t\t\t<span class=\"elementor-button-content-wrapper\">\n\t\t\t\t\t\t\t\t\t<span class=\"elementor-button-text\"><b>Operat\u00f6rler<\/b> i\u00e7in \u015eartlar ve Ko\u015fullara bak\u0131n<\/span>\n\t\t\t\t\t<\/span>\n\t\t\t\t\t<\/a>\n\t\t\t\t<\/div>\n\t\t\t\t\t\t\t\t<\/div>\n\t\t\t\t<\/div>\n\t\t\t\t\t<\/div>\n\t\t\t\t<\/div>\n\t\t<div class=\"elementor-element elementor-element-d57332c e-flex e-con-boxed e-con e-child\" data-id=\"d57332c\" data-element_type=\"container\" data-e-type=\"container\" data-settings=\"{&quot;background_background&quot;:&quot;classic&quot;}\">\n\t\t\t\t\t<div class=\"e-con-inner\">\n\t\t\t\t<div data-dce-title-color=\"#3B3B3B\" class=\"elementor-element elementor-element-188e2c7 elementor-widget elementor-widget-heading\" data-id=\"188e2c7\" data-element_type=\"widget\" data-e-type=\"widget\" data-widget_type=\"heading.default\">\n\t\t\t\t<div class=\"elementor-widget-container\">\n\t\t\t\t\t<h3 class=\"elementor-heading-title elementor-size-default\">Arjantin<\/h3>\t\t\t\t<\/div>\n\t\t\t\t<\/div>\n\t\t\t\t<div class=\"elementor-element elementor-element-7162699 elementor-widget-divider--view-line elementor-widget elementor-widget-divider\" data-id=\"7162699\" data-element_type=\"widget\" data-e-type=\"widget\" data-widget_type=\"divider.default\">\n\t\t\t\t<div class=\"elementor-widget-container\">\n\t\t\t\t\t\t\t<div class=\"elementor-divider\">\n\t\t\t<span class=\"elementor-divider-separator\">\n\t\t\t\t\t\t<\/span>\n\t\t<\/div>\n\t\t\t\t\t\t<\/div>\n\t\t\t\t<\/div>\n\t\t\t\t<div class=\"elementor-element elementor-element-ffd2dd0 elementor-align-center elementor-mobile-align-center elementor-widget elementor-widget-button\" data-id=\"ffd2dd0\" data-element_type=\"widget\" data-e-type=\"widget\" data-widget_type=\"button.default\">\n\t\t\t\t<div class=\"elementor-widget-container\">\n\t\t\t\t\t\t\t\t\t<div class=\"elementor-button-wrapper\">\n\t\t\t\t\t<a class=\"elementor-button elementor-button-link elementor-size-md\" href=\"\/es\/terminos-condiciones\/remitentes\/\">\n\t\t\t\t\t\t<span class=\"elementor-button-content-wrapper\">\n\t\t\t\t\t\t\t\t\t<span class=\"elementor-button-text\"><b>G\u00f6ndericiler<\/b> i\u00e7in \u015eartlar ve Ko\u015fullara bak\u0131n<\/span>\n\t\t\t\t\t<\/span>\n\t\t\t\t\t<\/a>\n\t\t\t\t<\/div>\n\t\t\t\t\t\t\t\t<\/div>\n\t\t\t\t<\/div>\n\t\t\t\t<div class=\"elementor-element elementor-element-76fbfac elementor-align-center elementor-mobile-align-center elementor-widget elementor-widget-button\" data-id=\"76fbfac\" data-element_type=\"widget\" data-e-type=\"widget\" data-widget_type=\"button.default\">\n\t\t\t\t<div class=\"elementor-widget-container\">\n\t\t\t\t\t\t\t\t\t<div class=\"elementor-button-wrapper\">\n\t\t\t\t\t<a class=\"elementor-button elementor-button-link elementor-size-md\" href=\"\/es\/terminos-condiciones\/transportistas\/\">\n\t\t\t\t\t\t<span class=\"elementor-button-content-wrapper\">\n\t\t\t\t\t\t\t\t\t<span class=\"elementor-button-text\"><b>Operat\u00f6rler<\/b> i\u00e7in \u015eartlar ve Ko\u015fullara bak\u0131n<\/span>\n\t\t\t\t\t<\/span>\n\t\t\t\t\t<\/a>\n\t\t\t\t<\/div>\n\t\t\t\t\t\t\t\t<\/div>\n\t\t\t\t<\/div>\n\t\t\t\t\t<\/div>\n\t\t\t\t<\/div>\n\t\t<div class=\"elementor-element elementor-element-b2df0db e-flex e-con-boxed e-con e-child\" data-id=\"b2df0db\" data-element_type=\"container\" data-e-type=\"container\" data-settings=\"{&quot;background_background&quot;:&quot;classic&quot;}\">\n\t\t\t\t\t<div class=\"e-con-inner\">\n\t\t\t\t<div data-dce-title-color=\"#3B3B3B\" class=\"elementor-element elementor-element-a67402f elementor-widget elementor-widget-heading\" data-id=\"a67402f\" data-element_type=\"widget\" data-e-type=\"widget\" data-widget_type=\"heading.default\">\n\t\t\t\t<div class=\"elementor-widget-container\">\n\t\t\t\t\t<h3 class=\"elementor-heading-title elementor-size-default\">T\u00fcrkiye<\/h3>\t\t\t\t<\/div>\n\t\t\t\t<\/div>\n\t\t\t\t<div class=\"elementor-element elementor-element-720f9f3 elementor-widget-divider--view-line elementor-widget elementor-widget-divider\" data-id=\"720f9f3\" data-element_type=\"widget\" data-e-type=\"widget\" data-widget_type=\"divider.default\">\n\t\t\t\t<div class=\"elementor-widget-container\">\n\t\t\t\t\t\t\t<div class=\"elementor-divider\">\n\t\t\t<span class=\"elementor-divider-separator\">\n\t\t\t\t\t\t<\/span>\n\t\t<\/div>\n\t\t\t\t\t\t<\/div>\n\t\t\t\t<\/div>\n\t\t\t\t<div class=\"elementor-element elementor-element-3fb4c26 elementor-align-center elementor-mobile-align-center elementor-widget elementor-widget-button\" data-id=\"3fb4c26\" data-element_type=\"widget\" data-e-type=\"widget\" data-widget_type=\"button.default\">\n\t\t\t\t<div class=\"elementor-widget-container\">\n\t\t\t\t\t\t\t\t\t<div class=\"elementor-button-wrapper\">\n\t\t\t\t\t<a class=\"elementor-button elementor-button-link elementor-size-md\" href=\"\/tr\/sartlar-ve-kosullar\/tasimacilar\/\">\n\t\t\t\t\t\t<span class=\"elementor-button-content-wrapper\">\n\t\t\t\t\t\t\t\t\t<span class=\"elementor-button-text\"><b>G\u00f6ndericiler<\/b> i\u00e7in \u015eartlar ve Ko\u015fullara bak\u0131n<\/span>\n\t\t\t\t\t<\/span>\n\t\t\t\t\t<\/a>\n\t\t\t\t<\/div>\n\t\t\t\t\t\t\t\t<\/div>\n\t\t\t\t<\/div>\n\t\t\t\t<div class=\"elementor-element elementor-element-df6b881 elementor-align-center elementor-mobile-align-center elementor-widget elementor-widget-button\" data-id=\"df6b881\" data-element_type=\"widget\" data-e-type=\"widget\" data-widget_type=\"button.default\">\n\t\t\t\t<div class=\"elementor-widget-container\">\n\t\t\t\t\t\t\t\t\t<div class=\"elementor-button-wrapper\">\n\t\t\t\t\t<a class=\"elementor-button elementor-button-link elementor-size-md\" href=\"\/tr\/sartlar-ve-kosullar\/musteri\/\">\n\t\t\t\t\t\t<span class=\"elementor-button-content-wrapper\">\n\t\t\t\t\t\t\t\t\t<span class=\"elementor-button-text\"><b>Operat\u00f6rler<\/b> i\u00e7in \u015eartlar ve Ko\u015fullara bak\u0131n<\/span>\n\t\t\t\t\t<\/span>\n\t\t\t\t\t<\/a>\n\t\t\t\t<\/div>\n\t\t\t\t\t\t\t\t<\/div>\n\t\t\t\t<\/div>\n\t\t\t\t\t<\/div>\n\t\t\t\t<\/div>\n\t\t\t\t<\/div>\n\t\t\t\t<\/div>\n\t\t\t\t\t<\/div>\n\t\t\t\t<\/div>\n\t\t\t\t<\/div>\n\t\t","protected":false},"excerpt":{"rendered":"<p>\u015eartlar ve Ko\u015fullar Saloodo! GmbH (bundan b\u00f6yle &#8220;Saloodo!&#8221; olarak an\u0131lacakt\u0131r) web sitesinde sa\u011flanan bilgileri s\u00fcrekli olarak kontrol eder ve g\u00fcnceller. Kapsaml\u0131 kontrollere ra\u011fmen, baz\u0131 veriler sitede yay\u0131nland\u0131ktan sonra de\u011fi\u015fmi\u015f olabilir. Bu nedenle \u015firket, sa\u011flanan bilgilerin g\u00fcncel, do\u011fru veya eksiksiz oldu\u011fu konusunda herhangi bir sorumluluk \u00fcstlenemez veya herhangi bir garanti veremez. Ayn\u0131 durum, bir ki\u015finin k\u00f6pr\u00fclerle [&hellip;]<\/p>\n","protected":false},"author":4,"featured_media":0,"parent":0,"menu_order":0,"comment_status":"closed","ping_status":"closed","template":"","meta":{"_acf_changed":false,"footnotes":""},"page-tags":[],"class_list":["post-49993","page","type-page","status-publish","hentry"],"acf":[],"_links":{"self":[{"href":"https:\/\/www.saloodo.com\/tr\/wp-json\/wp\/v2\/pages\/49993","targetHints":{"allow":["GET"]}}],"collection":[{"href":"https:\/\/www.saloodo.com\/tr\/wp-json\/wp\/v2\/pages"}],"about":[{"href":"https:\/\/www.saloodo.com\/tr\/wp-json\/wp\/v2\/types\/page"}],"author":[{"embeddable":true,"href":"https:\/\/www.saloodo.com\/tr\/wp-json\/wp\/v2\/users\/4"}],"replies":[{"embeddable":true,"href":"https:\/\/www.saloodo.com\/tr\/wp-json\/wp\/v2\/comments?post=49993"}],"version-history":[{"count":26,"href":"https:\/\/www.saloodo.com\/tr\/wp-json\/wp\/v2\/pages\/49993\/revisions"}],"predecessor-version":[{"id":206229,"href":"https:\/\/www.saloodo.com\/tr\/wp-json\/wp\/v2\/pages\/49993\/revisions\/206229"}],"wp:attachment":[{"href":"https:\/\/www.saloodo.com\/tr\/wp-json\/wp\/v2\/media?parent=49993"}],"wp:term":[{"taxonomy":"page-tags","embeddable":true,"href":"https:\/\/www.saloodo.com\/tr\/wp-json\/wp\/v2\/page-tags?post=49993"}],"curies":[{"name":"wp","href":"https:\/\/api.w.org\/{rel}","templated":true}]}}